{"id":7889,"date":"2022-11-12T15:36:21","date_gmt":"2022-11-12T15:36:21","guid":{"rendered":"https:\/\/odyssee-canyon.com\/verkoopvoorwaarden\/"},"modified":"2024-04-17T12:58:57","modified_gmt":"2024-04-17T12:58:57","slug":"verkoopvoorwaarden","status":"publish","type":"page","link":"https:\/\/odyssee-canyon.com\/nl\/verkoopvoorwaarden\/","title":{"rendered":"Verkoopvoorwaarden"},"content":{"rendered":"<p>[et_pb_section fb_built=&#8221;1&#8243; _builder_version=&#8221;4.19.1&#8243; _module_preset=&#8221;default&#8221; background_color=&#8221;#41D9C5&#8243; custom_margin=&#8221;0px||0px||false|false&#8221; custom_padding=&#8221;0px||0px||false|false&#8221; global_colors_info=&#8221;{}&#8221;][et_pb_row _builder_version=&#8221;4.19.1&#8243; _module_preset=&#8221;default&#8221; custom_margin=&#8221;0px||0px||false|false&#8221; custom_padding=&#8221;20px||20px||false|false&#8221; global_colors_info=&#8221;{}&#8221;][et_pb_column type=&#8221;4_4&#8243; _builder_version=&#8221;4.19.1&#8243; _module_preset=&#8221;default&#8221; global_colors_info=&#8221;{}&#8221;][et_pb_text _builder_version=&#8221;4.24.3&#8243; _module_preset=&#8221;default&#8221; hover_enabled=&#8221;0&#8243; global_colors_info=&#8221;{}&#8221; sticky_enabled=&#8221;0&#8243;]<\/p>\n<h1>Verkoopvoorwaarden<\/h1>\n<h2>Registratie- en boekingsprocedures:<\/h2>\n<p>Om deel te nemen aan een van onze activiteiten <strong>moet<\/strong> je vooraf <strong>reserveren<\/strong>, afhankelijk van beschikbaarheid. Inschrijven kan per e-mail naar <span style=\"text-decoration: underline;\"><br \/><span style=\"color: #0000ff; text-decoration: underline;\">odyssee-canyon@orange.fr<\/span><br \/><\/span> of per telefoon op <strong>+33(0)630.682.762<\/strong>.<br \/>Betaling kan plaatsvinden via een <strong>bankoverschrijving<\/strong> v\u00f3\u00f3r de dienst, of ter plekke met een <strong>cheque<\/strong> of <strong>contant<\/strong>. We accepteren geen<strong> creditcards<\/strong> of <strong>vakantiebonnen<\/strong>. Wanneer je je registreert, bevestig je dat je de <strong>Algemene Verkoop<\/strong>voorwaarden hebt gelezen en geaccepteerd.<\/p>\n<p>Als u de <strong>abonnee van een groep<\/strong> bent je moet elke deelnemer informeren over de inhoud van de activiteiten, je verplichten om de groep in te schrijven op de activiteit die overeenkomt met de minst sportieve en minst roekeloze persoon en je verplichten om hen te informeren over de voorwaarden voor deelname en de algemene verkoopvoorwaarden.<\/p>\n<p><strong>Onze prijzen<\/strong> zijn inclusief toezicht door een gekwalificeerde professional en het lenen van uitrusting (neopreen wetsuit, helm, harnas en berguitrusting&#8230;). <strong>Schoenen zijn niet bij de prijs inbegrepen. Schoenen moeten worden vastgemaakt met tennisveters. Aquaschoenen worden niet geaccepteerd.<\/strong>. Je kunt echter vooraf een paar canyoning schoenen reserveren door \u20ac10 extra toe te voegen aan de prijs van je canyoning of watertrekking. De prijs is exclusief uw vervoer naar het vertrekpunt, eten, drinken, persoonlijke apotheek en eventuele medicijnen die u nodig heeft als u een medische aandoening heeft. U moet dit aangeven op het moment van boeken en de gids informeren voordat u vertrekt naar de canyon.<\/p>\n<p>De <strong>diensten<\/strong> worden geleverd door een <strong>gekwalificeerde<\/strong> zelfstandige <strong>professional<\/strong> <span style=\"font-size: 15px;\">voldoen aan alle wettelijke verplichtingen in verband met haar activiteiten. Alleen de zelfstandige is verantwoordelijk voor de service, in overeenstemming met de prerogatieven die horen bij zijn of haar sportlerarenbevoegdheid.<\/span><\/p>\n<p>Onze <strong>activiteiten<\/strong> zijn toegankelijk voor iedereen, maar afhankelijk van de activiteit en de route moet er rekening worden gehouden met bepaalde voorwaarden: leeftijd, lengte- en gewichtslimieten, kunnen zwemmen, technisch of fysiek niveau, bekendheid met hoogtes voor abseilen, enz.<\/p>\n<p>De gekwalificeerde professional heeft alle<strong> de bevoegdheid om een persoon te weigeren<\/strong> die niet past in de <strong>vereiste vereisten<\/strong> voor elke activiteit, en noch hij, noch Odyss\u00e9e Canyon kan aansprakelijk worden gesteld voor problemen die voortvloeien uit het niet naleven van deze voorwaarden of uit het niet vrijgeven van informatie.<\/p>\n<p>Het is ook noodzakelijk dat elke deelnemer <strong>gezond<\/strong> en <strong>fit<\/strong> is op de dag van de activiteit. Daarnaast moet elke deelnemer <strong>oplettend<\/strong> zijn <strong>en<\/strong> de instructies van de professional <strong>opvolgen<\/strong> tijdens de activiteit.<\/p>\n<p>Je moet <strong>kunnen zwemmen<\/strong> en niet bang zijn om je hoofd onder water te steken.<\/p>\n<p>Je mag geen <strong>medische contra-indicaties<\/strong> hebben voor de gekozen activiteit.<br \/>Als u geen medische contra-indicaties heeft, maar u bent <strong>afhankelijk van zorg<\/strong> of speciale medische behandeling, of je gezondheidstoestand vereist speciale aandacht (rugpijn, gewrichtsproblemen, etc.) of je hebt een <strong>fysiek of mentaal probleem<\/strong>is het noodzakelijk dat u <strong>registreren bij<\/strong> tijdens uw <strong>reserveer voordat je je registreert<\/strong> en in <strong>de monitor informeren<\/strong> voordat je aan het werk gaat.<\/p>\n<p>De <strong>activiteiten<\/strong> die we aanbieden vinden plaats in een <strong>onveilige natuurlijke omgeving<\/strong>: rivieren, canyons, kliffen, bergen, etc. Daarom moet je <strong>je bewust zijn van de risico&#8217;s<\/strong> die inherent zijn aan deze activiteiten.<\/p>\n<h2>Afspraaktijden en vertragingen :<\/h2>\n<p>Er wordt systematisch een <strong>afspraaktijd<\/strong> gecommuniceerd, ongeacht de dienst. Voor een goed verloop van de activiteiten en uit respect voor de andere deelnemers en de instructeur, tolereren we <strong>geen te laat komen<\/strong>. Zodra deze periode is verstreken, vertrekt de toezichthoudende professional en kan er geen <strong>vergoeding<\/strong> of <strong>compensatie<\/strong> meer worden ge\u00ebist.<\/p>\n<p><span style=\"font-family: Montserrat, Helvetica, Arial, Lucida, sans-serif; font-size: 22px; font-weight: bold; letter-spacing: -1px;\">Annulering :<\/span><\/p>\n<p>De gekwalificeerde <strong>professional<\/strong> die verantwoordelijk is voor de activiteit behoudt zich het <strong>recht voor om<\/strong> een activiteit te <strong>annuleren<\/strong> om veiligheidsredenen (weer, overstroming, enz.) of in elk ander geval van overmacht. In dergelijke gevallen zal waar mogelijk een vervangende activiteit worden georganiseerd of zal je een andere datum worden aangeboden. <strong>Als het uitje niet kan plaatsvinden, wordt de dienst volledig vergoed<\/strong>, zonder recht op enige andere compensatie. <strong>Alleen de gekwalificeerde professional die de leiding heeft, is bevoegd om een activiteit te annuleren in geval van slecht weer.<\/strong><\/p>\n<p><strong>De canyon Odyss\u00e9e<\/strong> behoudt zich het recht voor om een uitstap te annuleren als het minimumaantal van <strong>4 deelnemers<\/strong> niet wordt bereikt.<\/p>\n<h2>Vergoeding :<\/h2>\n<p>Er wordt geen <strong>geld teruggegeven<\/strong> zodra de<strong>activiteit is begonnen<\/strong> (de activiteit begint wanneer de gids je verwelkomt en de uitrusting overhandigt die nodig is voor het uitje). Als je uit eigen beweging stopt met de activiteit, of als de begeleider je vraagt om te stoppen omdat je vindt dat je fysieke conditie niet geschikt is voor de activiteit.<\/p>\n<p>Wanneer u zich inschrijft en een activiteit boekt, in het bijzonder voor een groep, verplicht u zich om <strong>het aantal personen dat is ingeschreven<\/strong> op het moment van de boeking te <strong>respecteren<\/strong>. Indien \u00e9\u00e9n of meerdere personen <strong>afwezig zijn op<\/strong> de bijeenkomst, zal u gevraagd worden <strong>de prijs te betalen<\/strong> van het aantal <strong>personen ingeschreven<\/strong> op het moment van de reservering, tenzij u <strong>de dag voordien heeft geannuleerd<\/strong> bij Odyss\u00e9e canyon.<\/p>\n<h2>Verzekering :<\/h2>\n<p>De <strong>instructeur<\/strong> is gedekt door een <strong>beroepsaansprakelijkheidsverzekering<\/strong>. Deze verzekering vervangt echter niet de <strong>individuele wettelijke aansprakelijkheid<\/strong> van de <strong>deelnemer<\/strong> voor <strong>schade<\/strong> die de deelnemer <strong>zichzelf of<\/strong> aan <strong>derden<\/strong> toebrengt, of die het gevolg is van een extern natuurverschijnsel.<\/p>\n<p><strong>Deelnemers<\/strong> worden ge\u00efnformeerd dat het hun verantwoordelijkheid is om <strong>een wettelijke aansprakelijkheidsverzekering<\/strong> af te sluiten die hen individueel dekt voor het <strong>beoefenen van bergsporten<\/strong>, inclusief opsporings-, reddings- en <strong>repatri\u00ebringsbijstand<\/strong>.<\/p>\n<h2>Audiovisuele eigendom en beeldrechten :<\/h2>\n<p>Door deel te nemen aan een van onze activiteiten aanvaardt u uitdrukkelijk, zonder beperking, dat <strong>uw afbeelding<\/strong> voor <strong>promotie-<\/strong> en <strong>reclamemateriaal<\/strong> op al onze <strong>&#8220;papieren&#8221; media<\/strong> en onze moderne <strong>communicatie-<\/strong> en <strong>telecommunicatiemiddelen<\/strong> (video&#8217;s, foto&#8217;s, website, sociale netwerken), tenzij u schriftelijk per aangetekende brief met ontvangstbevestiging en een foto voor identificatiedoeleinden anders verzoekt.<br \/>In overeenstemming met de Franse wet op de gegevensbescherming nr. 78-17 van 6 januari 1978 hebt u recht op toegang tot en rectificatie en verwijdering van alle gegevens die op u betrekking hebben.<\/p>\n<h2 style=\"text-align: center;\"><strong>GESCHILLEN &#8211; CONSUMENTENBEMIDDELING<\/strong><\/h2>\n<p>In het geval van een geschil tussen de Klant en het bedrijf, streven zij ernaar dit geschil in der minne op te lossen (de Klant stuurt een schriftelijke klacht naar de verkoper of, indien van toepassing, naar de afdeling Klantrelaties van de verkoper).<br \/>Bij het ontbreken van een minnelijke schikking of bij het uitblijven van een antwoord van de verkoper binnen een redelijke termijn van \u00e9\u00e9n (1) maand, kan de Klant die consument is in de zin van artikel L.133-4 van de Franse Code de la Consommation, indien er een geschil blijft bestaan, zich gratis wenden tot de bevoegde bemiddelaar op de lijst van bemiddelaars die is opgesteld door de Commission d&#8217;\u00e9valuation et de contr\u00f4le de la m\u00e9diation de la consommation (Commission d&#8217;\u00e9valuation et de contr\u00f4le de la m\u00e9diation de la consommation) krachtens artikel L.615-1 van de Franse Code de la Consommation, namelijk :<br \/><strong>La Soci\u00e9t\u00e9 M\u00e9diation Professionnelle<\/strong><br \/><strong>www.mediateur-consommation-smp.fr<\/strong><br \/><strong>24 rue Albert de Mun &#8211; 33000 Bordeaux<\/strong><\/p>\n<p>[\/et_pb_text][\/et_pb_column][\/et_pb_row][\/et_pb_section]<\/p>\n","protected":false},"excerpt":{"rendered":"<p>Algemene verkoopvoorwaarden van de website canyon Odyss\u00e9e over canyoning, canyoning en canyoningtochten in de Savoie Haute-Savoie<\/p>\n","protected":false},"author":3,"featured_media":0,"parent":0,"menu_order":62,"comment_status":"closed","ping_status":"closed","template":"","meta":{"_et_pb_use_builder":"on","_et_pb_old_content":"","_et_gb_content_width":"","footnotes":""},"class_list":["post-7889","page","type-page","status-publish","hentry"],"yoast_head":"<!-- This site is optimized with the Yoast SEO Premium plugin v26.5 (Yoast SEO v27.3) - https:\/\/yoast.com\/product\/yoast-seo-premium-wordpress\/ -->\n<title>Algemene verkoopvoorwaarden Odyss\u00e9e canyon<\/title>\n<meta name=\"description\" content=\"Algemene verkoopvoorwaarden van de website canyon Odyss\u00e9e over canyoning, canyoning en canyoningtochten in de Savoie Haute-Savoie\" \/>\n<meta name=\"robots\" content=\"noindex, follow\" \/>\n<meta property=\"og:locale\" content=\"nl_NL\" \/>\n<meta property=\"og:type\" content=\"article\" \/>\n<meta property=\"og:title\" content=\"Verkoopvoorwaarden\" \/>\n<meta property=\"og:description\" content=\"Algemene verkoopvoorwaarden van de website canyon Odyss\u00e9e over canyoning, canyoning en canyoningtochten in de Savoie Haute-Savoie\" \/>\n<meta property=\"og:url\" content=\"https:\/\/odyssee-canyon.com\/nl\/verkoopvoorwaarden\/\" \/>\n<meta property=\"og:site_name\" content=\"Odyssee canyon\" \/>\n<meta property=\"article:publisher\" content=\"https:\/\/www.facebook.com\/odyssee.canyon\" \/>\n<meta property=\"article:modified_time\" content=\"2024-04-17T12:58:57+00:00\" \/>\n<meta name=\"twitter:card\" content=\"summary_large_image\" \/>\n<meta name=\"twitter:site\" content=\"@odysseecanyon\" \/>\n<meta name=\"twitter:label1\" content=\"Geschatte leestijd\" \/>\n\t<meta name=\"twitter:data1\" content=\"6 minuten\" \/>\n<script type=\"application\/ld+json\" class=\"yoast-schema-graph\">{\"@context\":\"https:\\\/\\\/schema.org\",\"@graph\":[{\"@type\":\"WebPage\",\"@id\":\"https:\\\/\\\/odyssee-canyon.com\\\/nl\\\/verkoopvoorwaarden\\\/\",\"url\":\"https:\\\/\\\/odyssee-canyon.com\\\/nl\\\/verkoopvoorwaarden\\\/\",\"name\":\"Algemene verkoopvoorwaarden Odyss\u00e9e canyon\",\"isPartOf\":{\"@id\":\"https:\\\/\\\/odyssee-canyon.com\\\/nl\\\/#website\"},\"datePublished\":\"2022-11-12T15:36:21+00:00\",\"dateModified\":\"2024-04-17T12:58:57+00:00\",\"description\":\"Algemene verkoopvoorwaarden van de website canyon Odyss\u00e9e over canyoning, canyoning en canyoningtochten in de Savoie Haute-Savoie\",\"breadcrumb\":{\"@id\":\"https:\\\/\\\/odyssee-canyon.com\\\/nl\\\/verkoopvoorwaarden\\\/#breadcrumb\"},\"inLanguage\":\"nl-NL\",\"potentialAction\":[{\"@type\":\"ReadAction\",\"target\":[\"https:\\\/\\\/odyssee-canyon.com\\\/nl\\\/verkoopvoorwaarden\\\/\"]}]},{\"@type\":\"BreadcrumbList\",\"@id\":\"https:\\\/\\\/odyssee-canyon.com\\\/nl\\\/verkoopvoorwaarden\\\/#breadcrumb\",\"itemListElement\":[{\"@type\":\"ListItem\",\"position\":1,\"name\":\"Accueil\",\"item\":\"https:\\\/\\\/odyssee-canyon.com\\\/nl\\\/\"},{\"@type\":\"ListItem\",\"position\":2,\"name\":\"Verkoopvoorwaarden\"}]},{\"@type\":\"WebSite\",\"@id\":\"https:\\\/\\\/odyssee-canyon.com\\\/nl\\\/#website\",\"url\":\"https:\\\/\\\/odyssee-canyon.com\\\/nl\\\/\",\"name\":\"odyssee-canyon\",\"description\":\"Canyoning et randonn&eacute;e aquatique &agrave; Annecy en Haute-Savoie et entre Albertville, Moutiers et Bourg-Saint-Maurice en Tarentaise en Savoie avec Odyss&eacute;e Canyon sp&eacute;cialiste du canyonisme\",\"publisher\":{\"@id\":\"https:\\\/\\\/odyssee-canyon.com\\\/nl\\\/#organization\"},\"potentialAction\":[{\"@type\":\"SearchAction\",\"target\":{\"@type\":\"EntryPoint\",\"urlTemplate\":\"https:\\\/\\\/odyssee-canyon.com\\\/nl\\\/?s={search_term_string}\"},\"query-input\":{\"@type\":\"PropertyValueSpecification\",\"valueRequired\":true,\"valueName\":\"search_term_string\"}}],\"inLanguage\":\"nl-NL\"},{\"@type\":\"Organization\",\"@id\":\"https:\\\/\\\/odyssee-canyon.com\\\/nl\\\/#organization\",\"name\":\"Odyss\u00e9e Canyon\",\"url\":\"https:\\\/\\\/odyssee-canyon.com\\\/nl\\\/\",\"logo\":{\"@type\":\"ImageObject\",\"inLanguage\":\"nl-NL\",\"@id\":\"https:\\\/\\\/odyssee-canyon.com\\\/nl\\\/#\\\/schema\\\/logo\\\/image\\\/\",\"url\":\"https:\\\/\\\/odyssee-canyon.com\\\/wp-content\\\/uploads\\\/2023\\\/12\\\/0_Logo-MyYoast.jpg\",\"contentUrl\":\"https:\\\/\\\/odyssee-canyon.com\\\/wp-content\\\/uploads\\\/2023\\\/12\\\/0_Logo-MyYoast.jpg\",\"width\":167,\"height\":167,\"caption\":\"Odyss\u00e9e Canyon\"},\"image\":{\"@id\":\"https:\\\/\\\/odyssee-canyon.com\\\/nl\\\/#\\\/schema\\\/logo\\\/image\\\/\"},\"sameAs\":[\"https:\\\/\\\/www.facebook.com\\\/odyssee.canyon\",\"https:\\\/\\\/x.com\\\/odysseecanyon\",\"https:\\\/\\\/odyssee-canyon.com\",\"https:\\\/\\\/www.instagram.com\\\/odysseecanyon\\\/\",\"https:\\\/\\\/www.linkedin.com\\\/in\\\/odyssee-canyon\\\/\",\"https:\\\/\\\/www.pinterest.fr\\\/odysseecanyon\\\/\",\"https:\\\/\\\/www.tripadvisor.fr\\\/Profile\\\/odyssee-canyon\",\"https:\\\/\\\/www.youtube.com\\\/@odyssee-canyon\",\"https:\\\/\\\/www.tumblr.com\\\/blog\\\/odysseecanyon\",\"https:\\\/\\\/mastodon.social\\\/@odysseecanyon\"]}]}<\/script>\n<!-- \/ Yoast SEO Premium plugin. -->","yoast_head_json":{"title":"Algemene verkoopvoorwaarden Odyss\u00e9e canyon","description":"Algemene verkoopvoorwaarden van de website canyon Odyss\u00e9e over canyoning, canyoning en canyoningtochten in de Savoie Haute-Savoie","robots":{"index":"noindex","follow":"follow"},"og_locale":"nl_NL","og_type":"article","og_title":"Verkoopvoorwaarden","og_description":"Algemene verkoopvoorwaarden van de website canyon Odyss\u00e9e over canyoning, canyoning en canyoningtochten in de Savoie Haute-Savoie","og_url":"https:\/\/odyssee-canyon.com\/nl\/verkoopvoorwaarden\/","og_site_name":"Odyssee canyon","article_publisher":"https:\/\/www.facebook.com\/odyssee.canyon","article_modified_time":"2024-04-17T12:58:57+00:00","twitter_card":"summary_large_image","twitter_site":"@odysseecanyon","twitter_misc":{"Geschatte leestijd":"6 minuten"},"schema":{"@context":"https:\/\/schema.org","@graph":[{"@type":"WebPage","@id":"https:\/\/odyssee-canyon.com\/nl\/verkoopvoorwaarden\/","url":"https:\/\/odyssee-canyon.com\/nl\/verkoopvoorwaarden\/","name":"Algemene verkoopvoorwaarden Odyss\u00e9e canyon","isPartOf":{"@id":"https:\/\/odyssee-canyon.com\/nl\/#website"},"datePublished":"2022-11-12T15:36:21+00:00","dateModified":"2024-04-17T12:58:57+00:00","description":"Algemene verkoopvoorwaarden van de website canyon Odyss\u00e9e over canyoning, canyoning en canyoningtochten in de Savoie Haute-Savoie","breadcrumb":{"@id":"https:\/\/odyssee-canyon.com\/nl\/verkoopvoorwaarden\/#breadcrumb"},"inLanguage":"nl-NL","potentialAction":[{"@type":"ReadAction","target":["https:\/\/odyssee-canyon.com\/nl\/verkoopvoorwaarden\/"]}]},{"@type":"BreadcrumbList","@id":"https:\/\/odyssee-canyon.com\/nl\/verkoopvoorwaarden\/#breadcrumb","itemListElement":[{"@type":"ListItem","position":1,"name":"Accueil","item":"https:\/\/odyssee-canyon.com\/nl\/"},{"@type":"ListItem","position":2,"name":"Verkoopvoorwaarden"}]},{"@type":"WebSite","@id":"https:\/\/odyssee-canyon.com\/nl\/#website","url":"https:\/\/odyssee-canyon.com\/nl\/","name":"odyssee-canyon","description":"Canyoning et randonn&eacute;e aquatique &agrave; Annecy en Haute-Savoie et entre Albertville, Moutiers et Bourg-Saint-Maurice en Tarentaise en Savoie avec Odyss&eacute;e Canyon sp&eacute;cialiste du canyonisme","publisher":{"@id":"https:\/\/odyssee-canyon.com\/nl\/#organization"},"potentialAction":[{"@type":"SearchAction","target":{"@type":"EntryPoint","urlTemplate":"https:\/\/odyssee-canyon.com\/nl\/?s={search_term_string}"},"query-input":{"@type":"PropertyValueSpecification","valueRequired":true,"valueName":"search_term_string"}}],"inLanguage":"nl-NL"},{"@type":"Organization","@id":"https:\/\/odyssee-canyon.com\/nl\/#organization","name":"Odyss\u00e9e Canyon","url":"https:\/\/odyssee-canyon.com\/nl\/","logo":{"@type":"ImageObject","inLanguage":"nl-NL","@id":"https:\/\/odyssee-canyon.com\/nl\/#\/schema\/logo\/image\/","url":"https:\/\/odyssee-canyon.com\/wp-content\/uploads\/2023\/12\/0_Logo-MyYoast.jpg","contentUrl":"https:\/\/odyssee-canyon.com\/wp-content\/uploads\/2023\/12\/0_Logo-MyYoast.jpg","width":167,"height":167,"caption":"Odyss\u00e9e Canyon"},"image":{"@id":"https:\/\/odyssee-canyon.com\/nl\/#\/schema\/logo\/image\/"},"sameAs":["https:\/\/www.facebook.com\/odyssee.canyon","https:\/\/x.com\/odysseecanyon","https:\/\/odyssee-canyon.com","https:\/\/www.instagram.com\/odysseecanyon\/","https:\/\/www.linkedin.com\/in\/odyssee-canyon\/","https:\/\/www.pinterest.fr\/odysseecanyon\/","https:\/\/www.tripadvisor.fr\/Profile\/odyssee-canyon","https:\/\/www.youtube.com\/@odyssee-canyon","https:\/\/www.tumblr.com\/blog\/odysseecanyon","https:\/\/mastodon.social\/@odysseecanyon"]}]}},"_links":{"self":[{"href":"https:\/\/odyssee-canyon.com\/nl\/wp-json\/wp\/v2\/pages\/7889","targetHints":{"allow":["GET"]}}],"collection":[{"href":"https:\/\/odyssee-canyon.com\/nl\/wp-json\/wp\/v2\/pages"}],"about":[{"href":"https:\/\/odyssee-canyon.com\/nl\/wp-json\/wp\/v2\/types\/page"}],"author":[{"embeddable":true,"href":"https:\/\/odyssee-canyon.com\/nl\/wp-json\/wp\/v2\/users\/3"}],"replies":[{"embeddable":true,"href":"https:\/\/odyssee-canyon.com\/nl\/wp-json\/wp\/v2\/comments?post=7889"}],"version-history":[{"count":8,"href":"https:\/\/odyssee-canyon.com\/nl\/wp-json\/wp\/v2\/pages\/7889\/revisions"}],"predecessor-version":[{"id":14083,"href":"https:\/\/odyssee-canyon.com\/nl\/wp-json\/wp\/v2\/pages\/7889\/revisions\/14083"}],"wp:attachment":[{"href":"https:\/\/odyssee-canyon.com\/nl\/wp-json\/wp\/v2\/media?parent=7889"}],"curies":[{"name":"wp","href":"https:\/\/api.w.org\/{rel}","templated":true}]}}