{"id":10395,"date":"2022-11-12T15:36:21","date_gmt":"2022-11-12T15:36:21","guid":{"rendered":"https:\/\/odyssee-canyon.com\/termini-e-condizioni-di-vendita\/"},"modified":"2024-04-17T13:02:48","modified_gmt":"2024-04-17T13:02:48","slug":"condizioni-generali-di-vendita","status":"publish","type":"page","link":"https:\/\/odyssee-canyon.com\/it\/condizioni-generali-di-vendita\/","title":{"rendered":"Condizioni generali di vendita"},"content":{"rendered":"<p>[et_pb_section fb_built=&#8221;1&#8243; _builder_version=&#8221;4.19.1&#8243; _module_preset=&#8221;default&#8221; background_color=&#8221;#41D9C5&#8243; custom_margin=&#8221;0px||0px||false|false&#8221; custom_padding=&#8221;0px||0px||false|false&#8221; global_colors_info=&#8221;{}&#8221;][et_pb_row _builder_version=&#8221;4.19.1&#8243; _module_preset=&#8221;default&#8221; custom_margin=&#8221;0px||0px||false|false&#8221; custom_padding=&#8221;20px||20px||false|false&#8221; global_colors_info=&#8221;{}&#8221;][et_pb_column type=&#8221;4_4&#8243; _builder_version=&#8221;4.19.1&#8243; _module_preset=&#8221;default&#8221; global_colors_info=&#8221;{}&#8221;][et_pb_text _builder_version=&#8221;4.24.3&#8243; _module_preset=&#8221;default&#8221; hover_enabled=&#8221;0&#8243; global_colors_info=&#8221;{}&#8221; sticky_enabled=&#8221;0&#8243;]<\/p>\n<h1>Termini e condizioni di vendita<\/h1>\n<h2>Procedure di registrazione e prenotazione:<\/h2>\n<p>Per partecipare a una delle nostre attivit\u00e0 \u00e8 <strong>necessario prenotare<\/strong> in anticipo, in base alla disponibilit\u00e0. Le iscrizioni possono essere effettuate via e-mail a <span style=\"text-decoration: underline;\"><br \/><span style=\"color: #0000ff; text-decoration: underline;\">odyssee-canyon@orange.fr<\/span><br \/><\/span> o per telefono al numero <strong>+33(0)630.682.762<\/strong>.<br \/>Il pagamento pu\u00f2 essere effettuato tramite <strong>bonifico bancario<\/strong> prima del servizio, oppure sul posto con <strong>assegno<\/strong> o <strong>contanti<\/strong>. Non accettiamo<strong> carte di credito<\/strong> o <strong>buoni vacanza<\/strong>. Con la registrazione, l&#8217;utente dichiara di aver letto e accettato le <strong>Condizioni Generali<\/strong> di Vendita.<\/p>\n<p>Se si \u00e8 <strong>abbonati a un gruppo<\/strong> dovete informare ogni partecipante del contenuto delle attivit\u00e0, impegnarvi a registrare il gruppo sull&#8217;attivit\u00e0 corrispondente alla persona meno atletica e meno spericolata e impegnarvi a informarlo delle condizioni di partecipazione e delle condizioni generali di vendita.<\/p>\n<p><strong>I nostri prezzi<\/strong> includono la supervisione di un professionista qualificato e il prestito dell&#8217;attrezzatura (muta in neoprene, casco, imbracatura e attrezzatura da montagna&#8230;). <strong>Le scarpe non sono incluse nel prezzo. Le scarpe devono essere allacciate con lacci da tennis. Non accettiamo scarpe da ginnastica.<\/strong>. Tuttavia, \u00e8 possibile prenotare in anticipo un paio di scarpe da canyoning aggiungendo un supplemento di 10 euro al prezzo dell&#8217;uscita di canyoning o di trekking acquatico. Il prezzo non comprende il trasporto al punto di partenza, il cibo, le bevande, la farmacia personale e i farmaci necessari in caso di patologie, che devono essere dichiarate al momento della prenotazione e comunicate alla guida prima di partire per il canyon.<\/p>\n<p>I <strong>servizi<\/strong> sono forniti da un <strong>professionista<\/strong> autonomo <strong>qualificato<\/strong> <span style=\"font-size: 15px;\">adempiere a tutti gli obblighi legali associati alla sua attivit\u00e0. Solo il lavoratore autonomo \u00e8 responsabile del servizio, secondo le prerogative associate alla sua qualifica di insegnante di sport.<\/span><\/p>\n<p>Le nostre <strong>attivit\u00e0<\/strong> sono aperte a tutti, ma a seconda dell&#8217;attivit\u00e0 e dell&#8217;itinerario, \u00e8 necessario tenere conto di alcune condizioni: et\u00e0, limiti di altezza e peso, capacit\u00e0 di nuotare, livello tecnico o fisico, familiarit\u00e0 con le altezze per la discesa in corda doppia, ecc.<\/p>\n<p>Il professionista qualificato incaricato ha tutte le<strong> potere di rifiutare una persona<\/strong> che non si inserisce nel <strong>prerequisiti richiesti<\/strong> per ogni attivit\u00e0, e n\u00e9 lui n\u00e9 Odyss\u00e9e canyon possono essere ritenuti responsabili per qualsiasi problema derivante dal mancato rispetto di questi prerequisiti o dalla mancata divulgazione di informazioni.<\/p>\n<p>\u00c8 inoltre indispensabile che ogni partecipante sia in <strong>buona salute<\/strong> e <strong>in forma<\/strong> il giorno dell&#8217;attivit\u00e0. Inoltre, ogni partecipante deve essere <strong>attento e seguire<\/strong> le istruzioni fornite dal professionista per tutta la durata dell&#8217;attivit\u00e0.<\/p>\n<p>\u00c8 necessario <strong>saper nuotare<\/strong> e non avere paura di mettere la testa sott&#8217;acqua.<\/p>\n<p>Non devono esserci <strong>controindicazioni mediche<\/strong> all&#8217;attivit\u00e0 scelta.<br \/>Se non si hanno controindicazioni mediche, ma si \u00e8 <strong>dipendente dall&#8217;assistenza<\/strong> o cure mediche particolari, oppure il vostro stato di salute richiede un&#8217;attenzione particolare (mal di schiena, problemi alle articolazioni, ecc.) o ancora avete una <strong>problema fisico o mentale<\/strong>\u00e8 indispensabile che <strong>registrarsi a<\/strong> durante il vostro <strong>prenota prima di registrarti<\/strong> e in <strong>informare il monitor<\/strong> prima di iniziare il lavoro.<\/p>\n<p>Le <strong>attivit\u00e0<\/strong> che offriamo si svolgono in un <strong>ambiente naturale non sicuro<\/strong>: fiumi, canyon, scogliere, montagne, ecc.<\/p>\n<h2>Orari e ritardi degli appuntamenti :<\/h2>\n<p>L&#8217;<strong>orario dell&#8217;appuntamento<\/strong> viene comunicato sistematicamente, qualunque sia il servizio. Per il buon svolgimento delle attivit\u00e0 e per rispetto degli altri partecipanti e dell&#8217;istruttore, non sono tollerati <strong>ritardi<\/strong>. Una volta trascorso questo periodo, il professionista supervisore se ne va e non pu\u00f2 essere richiesto alcun <strong>rimborso<\/strong> o <strong>compenso<\/strong>.<\/p>\n<p><span style=\"font-family: Montserrat, Helvetica, Arial, Lucida, sans-serif; font-size: 22px; font-weight: bold; letter-spacing: -1px;\">Cancellazione :<\/span><\/p>\n<p>Il <strong>professionista<\/strong> qualificato responsabile dell&#8217;attivit\u00e0 si riserva il <strong>diritto di annullare<\/strong> un&#8217;attivit\u00e0 per motivi di sicurezza (condizioni meteorologiche, inondazioni, ecc.) o in qualsiasi altro caso di forza maggiore. In questi casi, se possibile, verr\u00e0 organizzata un&#8217;attivit\u00e0 sostitutiva o vi verr\u00e0 proposta un&#8217;altra data. <strong>Se la gita non pu\u00f2 avere luogo, il servizio sar\u00e0 rimborsato per intero<\/strong>, senza diritto ad altri compensi. <strong>Solo il professionista qualificato incaricato \u00e8 autorizzato a cancellare un&#8217;attivit\u00e0 in caso di maltempo.<\/strong><\/p>\n<p><strong>Odyss\u00e9e canyon<\/strong> si riserva il diritto di annullare un&#8217;uscita se non viene raggiunto il numero minimo di <strong>4 partecipanti<\/strong>.<\/p>\n<h2>Rimborso :<\/h2>\n<p>Non \u00e8 previsto alcun <strong>rimborso<\/strong> una volta<strong>iniziata<\/strong> l&#8217;<strong>attivit\u00e0<\/strong> (l&#8217;attivit\u00e0 inizia quando la guida vi accoglie e vi consegna l&#8217;attrezzatura necessaria per la gita). Se interrompete l&#8217;attivit\u00e0 di vostra iniziativa o se la guida vi chiede di smettere perch\u00e9 ritenete che il vostro livello di forma fisica non sia adatto all&#8217;attivit\u00e0.<\/p>\n<p>Quando ci si iscrive e si prenota un&#8217;attivit\u00e0, in particolare per un gruppo, ci si impegna a <strong>rispettare il numero di persone iscritte<\/strong> al momento della prenotazione. In caso di <strong>assenza di<\/strong> una o pi\u00f9 persone, verr\u00e0 richiesto il <strong>pagamento del prezzo<\/strong> del numero di <strong>persone registrate<\/strong> al momento della prenotazione, a meno che non sia stata effettuata una <strong>disdetta il giorno prima<\/strong> con Odyss\u00e9e canyon.<\/p>\n<h2>Assicurazione :<\/h2>\n<p>L&#8217;<strong>istruttore<\/strong> \u00e8 coperto da un&#8217;assicurazione di <strong>responsabilit\u00e0 civile professionale<\/strong>. Tuttavia, questa assicurazione non sostituisce la <strong>responsabilit\u00e0 civile individuale<\/strong> del <strong>partecipante<\/strong> per i <strong>danni<\/strong> che il partecipante pu\u00f2 causare a <strong>se stesso o a<\/strong> <strong>terzi<\/strong>, o che possono derivare da un fenomeno naturale esterno.<\/p>\n<p>I <strong>partecipanti<\/strong> sono informati che \u00e8 loro responsabilit\u00e0 stipulare un&#8217;<strong>assicurazione di responsabilit\u00e0 civile<\/strong> che li copra individualmente per la <strong>pratica degli sport di montagna<\/strong>, compresa l&#8217;<strong>assistenza<\/strong> alla ricerca, al salvataggio e al rimpatrio.<\/p>\n<h2>Propriet\u00e0 audiovisiva e diritti d&#8217;immagine :<\/h2>\n<p>Partecipando a una delle nostre attivit\u00e0, accettate espressamente, senza alcuna restrizione, che l&#8217;<strong>immagine<\/strong> da utilizzare per materiale <strong>promozionale<\/strong> e <strong>pubblicitario<\/strong> su tutti i nostri <strong>supporti &#8220;cartacei&#8221;<\/strong> e sui nostri moderni strumenti <strong>di comunicazione<\/strong> e <strong>telecomunicazione<\/strong> (video, foto, sito web, social network), salvo diversa richiesta scritta da parte vostra tramite lettera raccomandata con ricevuta di ritorno e una foto a scopo identificativo.<br \/>Conformemente alla legge francese sulla protezione dei dati personali n. 78-17 del 6 gennaio 1978, l&#8217;utente ha il diritto di accedere, rettificare o cancellare le informazioni che lo riguardano.<\/p>\n<h2 style=\"text-align: center;\"><strong>CONTROVERSIE &#8211; MEDIAZIONE PER I CONSUMATORI<\/strong><\/h2>\n<p>In caso di controversia tra il Cliente e la societ\u00e0, questi si adopereranno per risolverla in via amichevole (il Cliente dovr\u00e0 inviare un reclamo scritto al professionista o, se del caso, all&#8217;ufficio relazioni con i clienti del professionista).<br \/>In mancanza di un accordo amichevole o in assenza di una risposta da parte del professionista entro un periodo ragionevole di un (1) mese, il Cliente che \u00e8 un consumatore ai sensi dell&#8217;articolo L.133-4 del Codice del Consumo francese pu\u00f2, se permane un disaccordo, rivolgersi gratuitamente al mediatore competente presente nell&#8217;elenco dei mediatori stilato dalla Commission d&#8217;\u00e9valuation et de contr\u00f4le de la m\u00e9diation de la consommation (Commissione di valutazione e controllo della mediazione dei consumatori) ai sensi dell&#8217;articolo L.615-1 del Codice del Consumo francese, ovvero :<br \/><strong>La Soci\u00e9t\u00e9 M\u00e9diation Professionnelle<\/strong><br \/><strong>www.mediateur-consommation-smp.fr<\/strong><br \/><strong>24 rue Albert de Mun &#8211; 33000 Bordeaux<\/strong><\/p>\n<p>[\/et_pb_text][\/et_pb_column][\/et_pb_row][\/et_pb_section]<\/p>\n","protected":false},"excerpt":{"rendered":"<p>Condizioni generali di vendita del sito Odyss\u00e9e canyon sul canyoning, il canyoning e le discese di canyoning in Savoia Alta Savoia<\/p>\n","protected":false},"author":3,"featured_media":0,"parent":0,"menu_order":62,"comment_status":"closed","ping_status":"closed","template":"","meta":{"_et_pb_use_builder":"on","_et_pb_old_content":"","_et_gb_content_width":"","footnotes":""},"class_list":["post-10395","page","type-page","status-publish","hentry"],"yoast_head":"<!-- This site is optimized with the Yoast SEO Premium plugin v26.5 (Yoast SEO v27.3) - https:\/\/yoast.com\/product\/yoast-seo-premium-wordpress\/ -->\n<title>Condizioni generali di vendita Odyss\u00e9e canyon<\/title>\n<meta name=\"description\" content=\"Condizioni generali di vendita del sito Odyss\u00e9e canyon sul canyoning, il canyoning e le discese di canyoning in Savoia Alta Savoia\" \/>\n<meta name=\"robots\" content=\"noindex, follow\" \/>\n<meta property=\"og:locale\" content=\"it_IT\" \/>\n<meta property=\"og:type\" content=\"article\" \/>\n<meta property=\"og:title\" content=\"Condizioni generali di vendita\" \/>\n<meta property=\"og:description\" content=\"Condizioni generali di vendita del sito Odyss\u00e9e canyon sul canyoning, il canyoning e le discese di canyoning in Savoia Alta Savoia\" \/>\n<meta property=\"og:url\" content=\"https:\/\/odyssee-canyon.com\/it\/condizioni-generali-di-vendita\/\" \/>\n<meta property=\"og:site_name\" content=\"Odyssee canyon\" \/>\n<meta property=\"article:publisher\" content=\"https:\/\/www.facebook.com\/odyssee.canyon\" \/>\n<meta property=\"article:modified_time\" content=\"2024-04-17T13:02:48+00:00\" \/>\n<meta name=\"twitter:card\" content=\"summary_large_image\" \/>\n<meta name=\"twitter:site\" content=\"@odysseecanyon\" \/>\n<meta name=\"twitter:label1\" content=\"Tempo di lettura stimato\" \/>\n\t<meta name=\"twitter:data1\" content=\"6 minuti\" \/>\n<script type=\"application\/ld+json\" class=\"yoast-schema-graph\">{\"@context\":\"https:\\\/\\\/schema.org\",\"@graph\":[{\"@type\":\"WebPage\",\"@id\":\"https:\\\/\\\/odyssee-canyon.com\\\/it\\\/condizioni-generali-di-vendita\\\/\",\"url\":\"https:\\\/\\\/odyssee-canyon.com\\\/it\\\/condizioni-generali-di-vendita\\\/\",\"name\":\"Condizioni generali di vendita Odyss\u00e9e canyon\",\"isPartOf\":{\"@id\":\"https:\\\/\\\/odyssee-canyon.com\\\/it\\\/#website\"},\"datePublished\":\"2022-11-12T15:36:21+00:00\",\"dateModified\":\"2024-04-17T13:02:48+00:00\",\"description\":\"Condizioni generali di vendita del sito Odyss\u00e9e canyon sul canyoning, il canyoning e le discese di canyoning in Savoia Alta Savoia\",\"breadcrumb\":{\"@id\":\"https:\\\/\\\/odyssee-canyon.com\\\/it\\\/condizioni-generali-di-vendita\\\/#breadcrumb\"},\"inLanguage\":\"it-IT\",\"potentialAction\":[{\"@type\":\"ReadAction\",\"target\":[\"https:\\\/\\\/odyssee-canyon.com\\\/it\\\/condizioni-generali-di-vendita\\\/\"]}]},{\"@type\":\"BreadcrumbList\",\"@id\":\"https:\\\/\\\/odyssee-canyon.com\\\/it\\\/condizioni-generali-di-vendita\\\/#breadcrumb\",\"itemListElement\":[{\"@type\":\"ListItem\",\"position\":1,\"name\":\"Accueil\",\"item\":\"https:\\\/\\\/odyssee-canyon.com\\\/it\\\/\"},{\"@type\":\"ListItem\",\"position\":2,\"name\":\"Condizioni generali di vendita\"}]},{\"@type\":\"WebSite\",\"@id\":\"https:\\\/\\\/odyssee-canyon.com\\\/it\\\/#website\",\"url\":\"https:\\\/\\\/odyssee-canyon.com\\\/it\\\/\",\"name\":\"odyssee-canyon\",\"description\":\"Canyoning et randonn&eacute;e aquatique &agrave; Annecy en Haute-Savoie et entre Albertville, Moutiers et Bourg-Saint-Maurice en Tarentaise en Savoie avec Odyss&eacute;e Canyon sp&eacute;cialiste du canyonisme\",\"publisher\":{\"@id\":\"https:\\\/\\\/odyssee-canyon.com\\\/it\\\/#organization\"},\"potentialAction\":[{\"@type\":\"SearchAction\",\"target\":{\"@type\":\"EntryPoint\",\"urlTemplate\":\"https:\\\/\\\/odyssee-canyon.com\\\/it\\\/?s={search_term_string}\"},\"query-input\":{\"@type\":\"PropertyValueSpecification\",\"valueRequired\":true,\"valueName\":\"search_term_string\"}}],\"inLanguage\":\"it-IT\"},{\"@type\":\"Organization\",\"@id\":\"https:\\\/\\\/odyssee-canyon.com\\\/it\\\/#organization\",\"name\":\"Odyss\u00e9e Canyon\",\"url\":\"https:\\\/\\\/odyssee-canyon.com\\\/it\\\/\",\"logo\":{\"@type\":\"ImageObject\",\"inLanguage\":\"it-IT\",\"@id\":\"https:\\\/\\\/odyssee-canyon.com\\\/it\\\/#\\\/schema\\\/logo\\\/image\\\/\",\"url\":\"https:\\\/\\\/odyssee-canyon.com\\\/wp-content\\\/uploads\\\/2023\\\/12\\\/0_Logo-MyYoast.jpg\",\"contentUrl\":\"https:\\\/\\\/odyssee-canyon.com\\\/wp-content\\\/uploads\\\/2023\\\/12\\\/0_Logo-MyYoast.jpg\",\"width\":167,\"height\":167,\"caption\":\"Odyss\u00e9e Canyon\"},\"image\":{\"@id\":\"https:\\\/\\\/odyssee-canyon.com\\\/it\\\/#\\\/schema\\\/logo\\\/image\\\/\"},\"sameAs\":[\"https:\\\/\\\/www.facebook.com\\\/odyssee.canyon\",\"https:\\\/\\\/x.com\\\/odysseecanyon\",\"https:\\\/\\\/odyssee-canyon.com\",\"https:\\\/\\\/www.instagram.com\\\/odysseecanyon\\\/\",\"https:\\\/\\\/www.linkedin.com\\\/in\\\/odyssee-canyon\\\/\",\"https:\\\/\\\/www.pinterest.fr\\\/odysseecanyon\\\/\",\"https:\\\/\\\/www.tripadvisor.fr\\\/Profile\\\/odyssee-canyon\",\"https:\\\/\\\/www.youtube.com\\\/@odyssee-canyon\",\"https:\\\/\\\/www.tumblr.com\\\/blog\\\/odysseecanyon\",\"https:\\\/\\\/mastodon.social\\\/@odysseecanyon\"]}]}<\/script>\n<!-- \/ Yoast SEO Premium plugin. -->","yoast_head_json":{"title":"Condizioni generali di vendita Odyss\u00e9e canyon","description":"Condizioni generali di vendita del sito Odyss\u00e9e canyon sul canyoning, il canyoning e le discese di canyoning in Savoia Alta Savoia","robots":{"index":"noindex","follow":"follow"},"og_locale":"it_IT","og_type":"article","og_title":"Condizioni generali di vendita","og_description":"Condizioni generali di vendita del sito Odyss\u00e9e canyon sul canyoning, il canyoning e le discese di canyoning in Savoia Alta Savoia","og_url":"https:\/\/odyssee-canyon.com\/it\/condizioni-generali-di-vendita\/","og_site_name":"Odyssee canyon","article_publisher":"https:\/\/www.facebook.com\/odyssee.canyon","article_modified_time":"2024-04-17T13:02:48+00:00","twitter_card":"summary_large_image","twitter_site":"@odysseecanyon","twitter_misc":{"Tempo di lettura stimato":"6 minuti"},"schema":{"@context":"https:\/\/schema.org","@graph":[{"@type":"WebPage","@id":"https:\/\/odyssee-canyon.com\/it\/condizioni-generali-di-vendita\/","url":"https:\/\/odyssee-canyon.com\/it\/condizioni-generali-di-vendita\/","name":"Condizioni generali di vendita Odyss\u00e9e canyon","isPartOf":{"@id":"https:\/\/odyssee-canyon.com\/it\/#website"},"datePublished":"2022-11-12T15:36:21+00:00","dateModified":"2024-04-17T13:02:48+00:00","description":"Condizioni generali di vendita del sito Odyss\u00e9e canyon sul canyoning, il canyoning e le discese di canyoning in Savoia Alta Savoia","breadcrumb":{"@id":"https:\/\/odyssee-canyon.com\/it\/condizioni-generali-di-vendita\/#breadcrumb"},"inLanguage":"it-IT","potentialAction":[{"@type":"ReadAction","target":["https:\/\/odyssee-canyon.com\/it\/condizioni-generali-di-vendita\/"]}]},{"@type":"BreadcrumbList","@id":"https:\/\/odyssee-canyon.com\/it\/condizioni-generali-di-vendita\/#breadcrumb","itemListElement":[{"@type":"ListItem","position":1,"name":"Accueil","item":"https:\/\/odyssee-canyon.com\/it\/"},{"@type":"ListItem","position":2,"name":"Condizioni generali di vendita"}]},{"@type":"WebSite","@id":"https:\/\/odyssee-canyon.com\/it\/#website","url":"https:\/\/odyssee-canyon.com\/it\/","name":"odyssee-canyon","description":"Canyoning et randonn&eacute;e aquatique &agrave; Annecy en Haute-Savoie et entre Albertville, Moutiers et Bourg-Saint-Maurice en Tarentaise en Savoie avec Odyss&eacute;e Canyon sp&eacute;cialiste du canyonisme","publisher":{"@id":"https:\/\/odyssee-canyon.com\/it\/#organization"},"potentialAction":[{"@type":"SearchAction","target":{"@type":"EntryPoint","urlTemplate":"https:\/\/odyssee-canyon.com\/it\/?s={search_term_string}"},"query-input":{"@type":"PropertyValueSpecification","valueRequired":true,"valueName":"search_term_string"}}],"inLanguage":"it-IT"},{"@type":"Organization","@id":"https:\/\/odyssee-canyon.com\/it\/#organization","name":"Odyss\u00e9e Canyon","url":"https:\/\/odyssee-canyon.com\/it\/","logo":{"@type":"ImageObject","inLanguage":"it-IT","@id":"https:\/\/odyssee-canyon.com\/it\/#\/schema\/logo\/image\/","url":"https:\/\/odyssee-canyon.com\/wp-content\/uploads\/2023\/12\/0_Logo-MyYoast.jpg","contentUrl":"https:\/\/odyssee-canyon.com\/wp-content\/uploads\/2023\/12\/0_Logo-MyYoast.jpg","width":167,"height":167,"caption":"Odyss\u00e9e Canyon"},"image":{"@id":"https:\/\/odyssee-canyon.com\/it\/#\/schema\/logo\/image\/"},"sameAs":["https:\/\/www.facebook.com\/odyssee.canyon","https:\/\/x.com\/odysseecanyon","https:\/\/odyssee-canyon.com","https:\/\/www.instagram.com\/odysseecanyon\/","https:\/\/www.linkedin.com\/in\/odyssee-canyon\/","https:\/\/www.pinterest.fr\/odysseecanyon\/","https:\/\/www.tripadvisor.fr\/Profile\/odyssee-canyon","https:\/\/www.youtube.com\/@odyssee-canyon","https:\/\/www.tumblr.com\/blog\/odysseecanyon","https:\/\/mastodon.social\/@odysseecanyon"]}]}},"_links":{"self":[{"href":"https:\/\/odyssee-canyon.com\/it\/wp-json\/wp\/v2\/pages\/10395","targetHints":{"allow":["GET"]}}],"collection":[{"href":"https:\/\/odyssee-canyon.com\/it\/wp-json\/wp\/v2\/pages"}],"about":[{"href":"https:\/\/odyssee-canyon.com\/it\/wp-json\/wp\/v2\/types\/page"}],"author":[{"embeddable":true,"href":"https:\/\/odyssee-canyon.com\/it\/wp-json\/wp\/v2\/users\/3"}],"replies":[{"embeddable":true,"href":"https:\/\/odyssee-canyon.com\/it\/wp-json\/wp\/v2\/comments?post=10395"}],"version-history":[{"count":8,"href":"https:\/\/odyssee-canyon.com\/it\/wp-json\/wp\/v2\/pages\/10395\/revisions"}],"predecessor-version":[{"id":14086,"href":"https:\/\/odyssee-canyon.com\/it\/wp-json\/wp\/v2\/pages\/10395\/revisions\/14086"}],"wp:attachment":[{"href":"https:\/\/odyssee-canyon.com\/it\/wp-json\/wp\/v2\/media?parent=10395"}],"curies":[{"name":"wp","href":"https:\/\/api.w.org\/{rel}","templated":true}]}}