{"id":10375,"date":"2022-11-12T15:32:50","date_gmt":"2022-11-12T15:32:50","guid":{"rendered":"https:\/\/odyssee-canyon.com\/informazioni-legali\/"},"modified":"2024-03-15T10:04:51","modified_gmt":"2024-03-15T10:04:51","slug":"informazioni-legali","status":"publish","type":"page","link":"https:\/\/odyssee-canyon.com\/it\/informazioni-legali\/","title":{"rendered":"Informazioni legali"},"content":{"rendered":"<p>[et_pb_section fb_built=&#8221;1&#8243; _builder_version=&#8221;4.19.1&#8243; _module_preset=&#8221;default&#8221; background_color=&#8221;#41D9C5&#8243; custom_margin=&#8221;0px||0px||false|false&#8221; custom_padding=&#8221;0px||0px||false|false&#8221; global_colors_info=&#8221;{}&#8221;][et_pb_row _builder_version=&#8221;4.19.1&#8243; _module_preset=&#8221;default&#8221; custom_margin=&#8221;0px||0px||false|false&#8221; custom_padding=&#8221;20px||20px||false|false&#8221; global_colors_info=&#8221;{}&#8221;][et_pb_column type=&#8221;4_4&#8243; _builder_version=&#8221;4.19.1&#8243; _module_preset=&#8221;default&#8221; global_colors_info=&#8221;{}&#8221;][et_pb_text admin_label=&#8221;Texte&#8221; _builder_version=&#8221;4.19.1&#8243; _module_preset=&#8221;default&#8221; hover_enabled=&#8221;0&#8243; global_colors_info=&#8221;{}&#8221; sticky_enabled=&#8221;0&#8243;]<\/p>\n<h1>Informazioni legali<\/h1>\n<p>In conformit\u00e0 alle disposizioni degli articoli 6-III e 19 della legge n. 2004-575 del 21 giugno 2004 sulla fiducia nell&#8217;economia digitale, nota come L.C.E.N., gli utenti e i visitatori del sito : <span style=\"text-decoration: underline;\"><br \/>\n  <span style=\"color: #0000ff;\"><br \/>\n    <a href=\"http:\/\/www.odyssee-canyon.com\" target=\"_blank\" rel=\"noopener\" style=\"color: #0000ff; text-decoration: underline;\">www.odyssee-canyon.com<\/a><br \/>\n  <\/span><br \/>\n<\/span> le seguenti informazioni:<\/p>\n<p><strong>EDITORE<\/strong><br \/>Il sito web <span style=\"text-decoration: underline;\"><br \/>\n  <span style=\"color: #0000ff;\"><br \/>\n    <a href=\"http:\/\/www.odyssee-canyon.com\" style=\"color: #0000ff; text-decoration: underline;\" target=\"_blank\" rel=\"noopener\">www.odyssee-canyon.com<\/a><br \/>\n  <\/span><br \/>\n<\/span> \u00e8 di propriet\u00e0 esclusiva di <strong>Odyss\u00e9e canyon<\/strong>, che lo pubblica.<\/p>\n<p><strong>Canyon dell&#8217;odissea<\/strong><strong> <\/strong><br \/><strong>Professione liberale<\/strong><br \/>Tel: <strong>06.30.68.27.62<\/strong><br \/><strong>Viale di Bonatray <\/strong><strong>74370 Villaz<\/strong><br \/>Registrata presso il Registre du Commerce et des Soci\u00e9t\u00e9s con il numero<strong> <\/strong><strong>28989212600076<\/strong><strong><br \/><\/strong>Indirizzo e-mail: <strong>odyssee-canyon@orange.fr<\/strong><br \/>Responsabile della pubblicazione: <strong>Canyon Odyss\u00e9e<\/strong><br \/>Contattare il responsabile della pubblicazione: <strong>odyssee-canyon@orange.fr<\/strong><\/p>\n<p><strong>ALLOGGIO<\/strong><br \/>Il sito \u00e8 ospitato da <strong>IONOS 7 Pl. de la Gare 57200 Sarreguemines<\/strong><br \/>Gli avvisi legali sono stati generati da <span style=\"text-decoration: underline; color: #0000ff;\"><br \/>\n  <a href=\"https:\/\/www.generer-mentions-legales.com\" style=\"color: #0000ff; text-decoration: underline;\">avviso legale<\/a><br \/>\n<\/span><br \/><span style=\"text-decoration: underline; color: #0000ff;\"><\/span><\/p>\n<p><strong>DESCRIZIONE DEI SERVIZI FORNITI<\/strong><br \/>Il sito web <span style=\"text-decoration: underline;\"><br \/>\n  <span style=\"color: #0000ff;\"><br \/>\n    <a href=\"http:\/\/www.odyssee-canyon.com\" style=\"text-align: justify; color: #0000ff; text-decoration: underline;\" target=\"_blank\" rel=\"noopener\">www.odyssee-canyon.com<\/a><br \/>\n  <\/span><br \/>\n<\/span> \u00e8 destinato a fornire informazioni su tutte le attivit\u00e0 dell&#8217;azienda. Il proprietario del sito si impegna a fornire sul sito <span style=\"text-decoration: underline;\"><br \/>\n  <span style=\"color: #0000ff;\"><br \/>\n    <a href=\"http:\/\/www.odyssee-canyon.com\" style=\"text-align: justify; color: #0000ff; text-decoration: underline;\" target=\"_blank\" rel=\"noopener\">www.odyssee-canyon.com<\/a><br \/>\n  <\/span><br \/>\n<\/span> sito nel modo pi\u00f9 accurato possibile. Tuttavia, non pu\u00f2 essere ritenuta responsabile di eventuali omissioni, inesattezze o mancati aggiornamenti delle informazioni, siano essi causati da essa stessa o da partner terzi che forniscono le informazioni. Tutte le informazioni sul sito web <span style=\"text-decoration: underline;\"><br \/>\n  <span style=\"color: #0000ff;\"><br \/>\n    <a href=\"http:\/\/www.odyssee-canyon.com\" style=\"text-align: justify; color: #0000ff; text-decoration: underline;\" target=\"_blank\" rel=\"noopener\">www.odyssee-canyon.com<\/a><br \/>\n  <\/span><br \/>\n<\/span> sono fornite a titolo informativo, non sono esaustive e sono soggette a modifiche. I dati vengono forniti con riserva di eventuali modifiche apportate dopo la loro messa online.<\/p>\n<p><strong>PROPRIET\u00c0 INTELLETTUALE E CONTRAFFAZIONE<\/strong><br \/>Il proprietario del sito \u00e8 titolare dei diritti di propriet\u00e0 intellettuale o detiene i diritti d&#8217;uso su tutti gli elementi accessibili sul sito, in particolare i testi, le immagini, la grafica, i loghi, le icone, i suoni, il software. Qualsiasi riproduzione, rappresentazione, modifica, pubblicazione, adattamento totale o parziale degli elementi del sito, qualunque sia il mezzo o il processo utilizzato, \u00e8 vietato, salvo autorizzazione scritta preliminare con l&#8217;indirizzo e-mail: odyssee-canyon@orange.fr . Qualsiasi utilizzo non autorizzato del sito o di uno qualsiasi degli elementi in esso contenuti sar\u00e0 considerato come una violazione e sar\u00e0 perseguito in conformit\u00e0 alle disposizioni degli articoli L.335-2 e seguenti del Codice della Propriet\u00e0 Intellettuale francese.<\/p>\n<p><strong>LINK IPERTESTUALI E COOKIE<\/strong><br \/>Il sito web <span style=\"text-decoration: underline;\"><br \/>\n  <span style=\"color: #0000ff;\"><br \/>\n    <a href=\"http:\/\/www.odyssee-canyon.com\" style=\"text-align: justify; color: #0000ff; text-decoration: underline;\" target=\"_blank\" rel=\"noopener\">www.odyssee-canyon.com<\/a><br \/>\n  <\/span><br \/>\n<\/span> contiene una serie di collegamenti ipertestuali ad altri siti (partner, informazioni, ecc.) creati con l&#8217;autorizzazione del proprietario del sito. Tuttavia, il proprietario del sito non ha la possibilit\u00e0 di controllare il contenuto dei siti cos\u00ec visitati e declina quindi ogni responsabilit\u00e0 per eventuali rischi di contenuti illeciti. Gli utenti sono informati che quando visitano il sito <span style=\"text-decoration: underline;\"><br \/>\n  <span style=\"color: #0000ff;\"><br \/>\n    <a href=\"http:\/\/www.odyssee-canyon.com\" style=\"text-align: justify; color: #0000ff; text-decoration: underline;\" target=\"_blank\" rel=\"noopener\">www.odyssee-canyon.com<\/a><br \/>\n  <\/span><br \/>\n<\/span>uno o pi\u00f9 cookie possono essere installati automaticamente sul computer dell&#8217;utente. Un cookie \u00e8 un piccolo file che non consente di identificare l&#8217;utente, ma che registra informazioni relative alla navigazione di un computer su un sito. I dati cos\u00ec ottenuti hanno lo scopo di facilitare la successiva navigazione del sito e vengono utilizzati anche per misurare il numero di visitatori. Potete impostare il vostro browser in modo da essere avvisati quando ricevete un cookie e, se lo desiderate, rifiutarlo, come descritto al seguente indirizzo: www.cnil.fr Il rifiuto di installare un cookie pu\u00f2 comportare l&#8217;impossibilit\u00e0 di accedere a determinati servizi. Tuttavia, gli utenti possono configurare il proprio computer come segue per rifiutare l&#8217;installazione dei cookie: Internet Explorer: scheda Strumenti \/ Opzioni Internet. Fare clic su Riservatezza e scegliere Blocca tutti i cookie. Fare clic su OK per confermare. In Netscape: scheda modifica \/ preferenze. Cliccare su Avanzate e scegliere Disattiva cookie. Fare clic su OK per confermare.<\/p>\n<p><strong>PROTEGGERE PERSONE E BENI &#8211; GESTIRE I DATI PERSONALI<\/strong><br \/>Utente: l&#8217;utente di Internet che si collega e utilizza il sito di cui sopra:  <span style=\"text-decoration: underline;\"><span style=\"color: #0000ff;\"><a href=\"http:\/\/www.odyssee-canyon.com\" style=\"text-align: justify; color: #0000ff; text-decoration: underline;\" target=\"_blank\" rel=\"noopener\">www.odyssee-canyon.com<\/a><\/span><\/span>  In Francia, i dati personali sono protetti dalla legge n. 78-87 del 6 gennaio 1978, dalla legge n. 2004-801 del 6 agosto 2004, dall&#8217;articolo L. 226-13 del Codice penale e dalla Direttiva europea del 24 ottobre 1995.<\/p>\n<p>Sul sito web <span style=\"text-decoration: underline;\"><br \/>\n  <span style=\"color: #0000ff;\"><br \/>\n    <a href=\"http:\/\/www.odyssee-canyon.com\" style=\"text-align: justify; color: #0000ff; text-decoration: underline;\" target=\"_blank\" rel=\"noopener\">www.odyssee-canyon.com<\/a><br \/>\n  <\/span><br \/>\n<\/span>il titolare del sito raccoglie informazioni personali relative all&#8217;utente solo per la necessit\u00e0 di alcuni servizi offerti dal sito stesso <span style=\"text-decoration: underline;\"><br \/>\n  <span style=\"color: #0000ff;\"><br \/>\n    <a href=\"http:\/\/www.odyssee-canyon.com\" style=\"text-align: justify; color: #0000ff; text-decoration: underline;\" target=\"_blank\" rel=\"noopener\">www.odyssee-canyon.com<\/a><br \/>\n  <\/span><br \/>\n<\/span>. Gli utenti forniscono queste informazioni con cognizione di causa, in particolare quando le inseriscono loro stessi. Gli utenti del sito sono informati che <span style=\"text-decoration: underline;\"><br \/>\n  <span style=\"color: #0000ff; text-decoration: underline;\"><a href=\"http:\/\/www.odyssee-canyon.com\" style=\"text-align: justify; color: #0000ff; text-decoration: underline;\" target=\"_blank\" rel=\"noopener\">www.odyssee-canyon.com<\/a> <\/span><br \/>\n<\/span>l&#8217;obbligo di fornire tali informazioni. Conformemente alle disposizioni degli articoli 38 e seguenti della legge francese sulla protezione dei dati personali 78-17 del 6 gennaio 1978, tutti gli utenti hanno il diritto di accedere, rettificare, cancellare e opporsi ai dati personali che li riguardano. Per esercitare questo diritto, inviare la richiesta a <span style=\"text-decoration: underline;\"><br \/>\n  <span style=\"color: #0000ff; text-decoration: underline;\"><br \/>\n    <a href=\"http:\/\/www.odyssee-canyon.com\" style=\"text-align: justify; color: #0000ff; text-decoration: underline;\" target=\"_blank\" rel=\"noopener\">www.odyssee-canyon.com<\/a><br \/>\n  <\/span><br \/>\n<\/span> via e-mail: e-mail del webmaster o inviando una richiesta scritta e firmata, accompagnata da una copia del documento d&#8217;identit\u00e0 con firma dell&#8217;intestatario del documento, specificando l&#8217;indirizzo a cui inviare la risposta.<\/p>\n<p>Nessuna informazione personale sull&#8217;utente del sito <span style=\"text-decoration: underline;\"><br \/>\n  <span style=\"color: #0000ff;\"><br \/>\n    <a href=\"http:\/\/www.odyssee-canyon.com\" style=\"text-align: justify; color: #0000ff; text-decoration: underline;\" target=\"_blank\" rel=\"noopener\">www.odyssee-canyon.com<\/a><br \/>\n  <\/span><br \/>\n<\/span> viene pubblicata all&#8217;insaputa dell&#8217;utente, scambiata, trasferita, ceduta o venduta su qualsiasi supporto a terzi. Solo la possibilit\u00e0 di acquistare il sito  <span style=\"text-decoration: underline;\"><span style=\"color: #0000ff;\"><a href=\"http:\/\/www.odyssee-canyon.com\" style=\"text-align: justify; color: #0000ff; text-decoration: underline;\" target=\"_blank\" rel=\"noopener\">www.odyssee-canyon.com<\/a><\/span><\/span>  al proprietario del sito e i suoi diritti consentirebbero la trasmissione di tali informazioni all&#8217;eventuale acquirente che sarebbe a sua volta tenuto allo stesso obbligo di conservazione e modifica dei dati rispetto all&#8217;utente del sito.  <span style=\"text-decoration: underline;\"><span style=\"color: #0000ff;\"><a href=\"http:\/\/www.odyssee-canyon.com\" style=\"text-align: justify; color: #0000ff; text-decoration: underline;\" target=\"_blank\" rel=\"noopener\">www.odyssee-canyon.com<\/a><\/span><\/span>.<\/p>\n<p>Il sito web <span style=\"text-decoration: underline;\"><br \/>\n  <span style=\"color: #0000ff; text-decoration: underline;\"><a href=\"http:\/\/www.odyssee-canyon.com\" style=\"text-align: justify; color: #0000ff; text-decoration: underline;\" target=\"_blank\" rel=\"noopener\">www.odyssee-canyon.com<\/a> <\/span><br \/>\n<\/span>\u00e8 conforme al RGPD vedi la nostra politica RGPD <span style=\"text-decoration: underline;\"><br \/>\n  <span style=\"color: #0000ff; text-decoration: underline;\"><br \/>\n    <a href=\"https:\/\/www.odyssee-canyon.com\/politique-de-confidentialite\" style=\"color: #0000ff; text-decoration: underline;\" target=\"_blank\" rel=\"noopener\">Odyssee canyon RGPD<\/a><br \/>\n  <\/span><br \/>\n<\/span>.<\/p>\n<p>Le banche dati sono protette dalle disposizioni della legge del 1\u00b0 luglio 1998 che recepisce la direttiva 96\/9 dell&#8217;11 marzo 1996 sulla tutela giuridica delle banche dati.<\/p>\n<p>[\/et_pb_text][\/et_pb_column][\/et_pb_row][\/et_pb_section]<\/p>\n","protected":false},"excerpt":{"rendered":"<p>Informazioni legali sul sito del canyon dell&#8217;Odyss\u00e9e sul canyoning, il canyoning e le gite di canyoning in Savoia Alta Savoia<\/p>\n","protected":false},"author":3,"featured_media":0,"parent":0,"menu_order":60,"comment_status":"closed","ping_status":"closed","template":"","meta":{"_et_pb_use_builder":"on","_et_pb_old_content":"","_et_gb_content_width":"","footnotes":""},"class_list":["post-10375","page","type-page","status-publish","hentry"],"yoast_head":"<!-- This site is optimized with the Yoast SEO Premium plugin v26.5 (Yoast SEO v27.3) - https:\/\/yoast.com\/product\/yoast-seo-premium-wordpress\/ -->\n<title>Informazioni legali sul canyon dell&#039;Odyss\u00e9e<\/title>\n<meta name=\"description\" content=\"Informazioni legali sul sito del canyon dell&#039;Odyss\u00e9e sul canyoning, il canyoning e le gite di canyoning in Savoia Alta Savoia\" \/>\n<meta name=\"robots\" content=\"noindex, follow\" \/>\n<meta property=\"og:locale\" content=\"it_IT\" \/>\n<meta property=\"og:type\" content=\"article\" \/>\n<meta property=\"og:title\" content=\"Informazioni legali\" \/>\n<meta property=\"og:description\" content=\"Informazioni legali sul sito del canyon dell&#039;Odyss\u00e9e sul canyoning, il canyoning e le gite di canyoning in Savoia Alta Savoia\" \/>\n<meta property=\"og:url\" content=\"https:\/\/odyssee-canyon.com\/it\/informazioni-legali\/\" \/>\n<meta property=\"og:site_name\" content=\"Odyssee canyon\" \/>\n<meta property=\"article:publisher\" content=\"https:\/\/www.facebook.com\/odyssee.canyon\" \/>\n<meta property=\"article:modified_time\" content=\"2024-03-15T10:04:51+00:00\" \/>\n<meta name=\"twitter:card\" content=\"summary_large_image\" \/>\n<meta name=\"twitter:site\" content=\"@odysseecanyon\" \/>\n<meta name=\"twitter:label1\" content=\"Tempo di lettura stimato\" \/>\n\t<meta name=\"twitter:data1\" content=\"5 minuti\" \/>\n<script type=\"application\/ld+json\" class=\"yoast-schema-graph\">{\"@context\":\"https:\\\/\\\/schema.org\",\"@graph\":[{\"@type\":\"WebPage\",\"@id\":\"https:\\\/\\\/odyssee-canyon.com\\\/it\\\/informazioni-legali\\\/\",\"url\":\"https:\\\/\\\/odyssee-canyon.com\\\/it\\\/informazioni-legali\\\/\",\"name\":\"Informazioni legali sul canyon dell'Odyss\u00e9e\",\"isPartOf\":{\"@id\":\"https:\\\/\\\/odyssee-canyon.com\\\/it\\\/#website\"},\"datePublished\":\"2022-11-12T15:32:50+00:00\",\"dateModified\":\"2024-03-15T10:04:51+00:00\",\"description\":\"Informazioni legali sul sito del canyon dell'Odyss\u00e9e sul canyoning, il canyoning e le gite di canyoning in Savoia Alta Savoia\",\"breadcrumb\":{\"@id\":\"https:\\\/\\\/odyssee-canyon.com\\\/it\\\/informazioni-legali\\\/#breadcrumb\"},\"inLanguage\":\"it-IT\",\"potentialAction\":[{\"@type\":\"ReadAction\",\"target\":[\"https:\\\/\\\/odyssee-canyon.com\\\/it\\\/informazioni-legali\\\/\"]}]},{\"@type\":\"BreadcrumbList\",\"@id\":\"https:\\\/\\\/odyssee-canyon.com\\\/it\\\/informazioni-legali\\\/#breadcrumb\",\"itemListElement\":[{\"@type\":\"ListItem\",\"position\":1,\"name\":\"Accueil\",\"item\":\"https:\\\/\\\/odyssee-canyon.com\\\/it\\\/\"},{\"@type\":\"ListItem\",\"position\":2,\"name\":\"Informazioni legali\"}]},{\"@type\":\"WebSite\",\"@id\":\"https:\\\/\\\/odyssee-canyon.com\\\/it\\\/#website\",\"url\":\"https:\\\/\\\/odyssee-canyon.com\\\/it\\\/\",\"name\":\"odyssee-canyon\",\"description\":\"Canyoning et randonn&eacute;e aquatique &agrave; Annecy en Haute-Savoie et entre Albertville, Moutiers et Bourg-Saint-Maurice en Tarentaise en Savoie avec Odyss&eacute;e Canyon sp&eacute;cialiste du canyonisme\",\"publisher\":{\"@id\":\"https:\\\/\\\/odyssee-canyon.com\\\/it\\\/#organization\"},\"potentialAction\":[{\"@type\":\"SearchAction\",\"target\":{\"@type\":\"EntryPoint\",\"urlTemplate\":\"https:\\\/\\\/odyssee-canyon.com\\\/it\\\/?s={search_term_string}\"},\"query-input\":{\"@type\":\"PropertyValueSpecification\",\"valueRequired\":true,\"valueName\":\"search_term_string\"}}],\"inLanguage\":\"it-IT\"},{\"@type\":\"Organization\",\"@id\":\"https:\\\/\\\/odyssee-canyon.com\\\/it\\\/#organization\",\"name\":\"Odyss\u00e9e Canyon\",\"url\":\"https:\\\/\\\/odyssee-canyon.com\\\/it\\\/\",\"logo\":{\"@type\":\"ImageObject\",\"inLanguage\":\"it-IT\",\"@id\":\"https:\\\/\\\/odyssee-canyon.com\\\/it\\\/#\\\/schema\\\/logo\\\/image\\\/\",\"url\":\"https:\\\/\\\/odyssee-canyon.com\\\/wp-content\\\/uploads\\\/2023\\\/12\\\/0_Logo-MyYoast.jpg\",\"contentUrl\":\"https:\\\/\\\/odyssee-canyon.com\\\/wp-content\\\/uploads\\\/2023\\\/12\\\/0_Logo-MyYoast.jpg\",\"width\":167,\"height\":167,\"caption\":\"Odyss\u00e9e Canyon\"},\"image\":{\"@id\":\"https:\\\/\\\/odyssee-canyon.com\\\/it\\\/#\\\/schema\\\/logo\\\/image\\\/\"},\"sameAs\":[\"https:\\\/\\\/www.facebook.com\\\/odyssee.canyon\",\"https:\\\/\\\/x.com\\\/odysseecanyon\",\"https:\\\/\\\/odyssee-canyon.com\",\"https:\\\/\\\/www.instagram.com\\\/odysseecanyon\\\/\",\"https:\\\/\\\/www.linkedin.com\\\/in\\\/odyssee-canyon\\\/\",\"https:\\\/\\\/www.pinterest.fr\\\/odysseecanyon\\\/\",\"https:\\\/\\\/www.tripadvisor.fr\\\/Profile\\\/odyssee-canyon\",\"https:\\\/\\\/www.youtube.com\\\/@odyssee-canyon\",\"https:\\\/\\\/www.tumblr.com\\\/blog\\\/odysseecanyon\",\"https:\\\/\\\/mastodon.social\\\/@odysseecanyon\"]}]}<\/script>\n<!-- \/ Yoast SEO Premium plugin. -->","yoast_head_json":{"title":"Informazioni legali sul canyon dell'Odyss\u00e9e","description":"Informazioni legali sul sito del canyon dell'Odyss\u00e9e sul canyoning, il canyoning e le gite di canyoning in Savoia Alta Savoia","robots":{"index":"noindex","follow":"follow"},"og_locale":"it_IT","og_type":"article","og_title":"Informazioni legali","og_description":"Informazioni legali sul sito del canyon dell'Odyss\u00e9e sul canyoning, il canyoning e le gite di canyoning in Savoia Alta Savoia","og_url":"https:\/\/odyssee-canyon.com\/it\/informazioni-legali\/","og_site_name":"Odyssee canyon","article_publisher":"https:\/\/www.facebook.com\/odyssee.canyon","article_modified_time":"2024-03-15T10:04:51+00:00","twitter_card":"summary_large_image","twitter_site":"@odysseecanyon","twitter_misc":{"Tempo di lettura stimato":"5 minuti"},"schema":{"@context":"https:\/\/schema.org","@graph":[{"@type":"WebPage","@id":"https:\/\/odyssee-canyon.com\/it\/informazioni-legali\/","url":"https:\/\/odyssee-canyon.com\/it\/informazioni-legali\/","name":"Informazioni legali sul canyon dell'Odyss\u00e9e","isPartOf":{"@id":"https:\/\/odyssee-canyon.com\/it\/#website"},"datePublished":"2022-11-12T15:32:50+00:00","dateModified":"2024-03-15T10:04:51+00:00","description":"Informazioni legali sul sito del canyon dell'Odyss\u00e9e sul canyoning, il canyoning e le gite di canyoning in Savoia Alta Savoia","breadcrumb":{"@id":"https:\/\/odyssee-canyon.com\/it\/informazioni-legali\/#breadcrumb"},"inLanguage":"it-IT","potentialAction":[{"@type":"ReadAction","target":["https:\/\/odyssee-canyon.com\/it\/informazioni-legali\/"]}]},{"@type":"BreadcrumbList","@id":"https:\/\/odyssee-canyon.com\/it\/informazioni-legali\/#breadcrumb","itemListElement":[{"@type":"ListItem","position":1,"name":"Accueil","item":"https:\/\/odyssee-canyon.com\/it\/"},{"@type":"ListItem","position":2,"name":"Informazioni legali"}]},{"@type":"WebSite","@id":"https:\/\/odyssee-canyon.com\/it\/#website","url":"https:\/\/odyssee-canyon.com\/it\/","name":"odyssee-canyon","description":"Canyoning et randonn&eacute;e aquatique &agrave; Annecy en Haute-Savoie et entre Albertville, Moutiers et Bourg-Saint-Maurice en Tarentaise en Savoie avec Odyss&eacute;e Canyon sp&eacute;cialiste du canyonisme","publisher":{"@id":"https:\/\/odyssee-canyon.com\/it\/#organization"},"potentialAction":[{"@type":"SearchAction","target":{"@type":"EntryPoint","urlTemplate":"https:\/\/odyssee-canyon.com\/it\/?s={search_term_string}"},"query-input":{"@type":"PropertyValueSpecification","valueRequired":true,"valueName":"search_term_string"}}],"inLanguage":"it-IT"},{"@type":"Organization","@id":"https:\/\/odyssee-canyon.com\/it\/#organization","name":"Odyss\u00e9e Canyon","url":"https:\/\/odyssee-canyon.com\/it\/","logo":{"@type":"ImageObject","inLanguage":"it-IT","@id":"https:\/\/odyssee-canyon.com\/it\/#\/schema\/logo\/image\/","url":"https:\/\/odyssee-canyon.com\/wp-content\/uploads\/2023\/12\/0_Logo-MyYoast.jpg","contentUrl":"https:\/\/odyssee-canyon.com\/wp-content\/uploads\/2023\/12\/0_Logo-MyYoast.jpg","width":167,"height":167,"caption":"Odyss\u00e9e Canyon"},"image":{"@id":"https:\/\/odyssee-canyon.com\/it\/#\/schema\/logo\/image\/"},"sameAs":["https:\/\/www.facebook.com\/odyssee.canyon","https:\/\/x.com\/odysseecanyon","https:\/\/odyssee-canyon.com","https:\/\/www.instagram.com\/odysseecanyon\/","https:\/\/www.linkedin.com\/in\/odyssee-canyon\/","https:\/\/www.pinterest.fr\/odysseecanyon\/","https:\/\/www.tripadvisor.fr\/Profile\/odyssee-canyon","https:\/\/www.youtube.com\/@odyssee-canyon","https:\/\/www.tumblr.com\/blog\/odysseecanyon","https:\/\/mastodon.social\/@odysseecanyon"]}]}},"_links":{"self":[{"href":"https:\/\/odyssee-canyon.com\/it\/wp-json\/wp\/v2\/pages\/10375","targetHints":{"allow":["GET"]}}],"collection":[{"href":"https:\/\/odyssee-canyon.com\/it\/wp-json\/wp\/v2\/pages"}],"about":[{"href":"https:\/\/odyssee-canyon.com\/it\/wp-json\/wp\/v2\/types\/page"}],"author":[{"embeddable":true,"href":"https:\/\/odyssee-canyon.com\/it\/wp-json\/wp\/v2\/users\/3"}],"replies":[{"embeddable":true,"href":"https:\/\/odyssee-canyon.com\/it\/wp-json\/wp\/v2\/comments?post=10375"}],"version-history":[{"count":2,"href":"https:\/\/odyssee-canyon.com\/it\/wp-json\/wp\/v2\/pages\/10375\/revisions"}],"predecessor-version":[{"id":10377,"href":"https:\/\/odyssee-canyon.com\/it\/wp-json\/wp\/v2\/pages\/10375\/revisions\/10377"}],"wp:attachment":[{"href":"https:\/\/odyssee-canyon.com\/it\/wp-json\/wp\/v2\/media?parent=10375"}],"curies":[{"name":"wp","href":"https:\/\/api.w.org\/{rel}","templated":true}]}}