{"id":7990,"date":"2022-11-12T15:36:21","date_gmt":"2022-11-12T15:36:21","guid":{"rendered":"https:\/\/odyssee-canyon.com\/terms-and-conditions-of-sale\/"},"modified":"2024-04-17T12:56:47","modified_gmt":"2024-04-17T12:56:47","slug":"terms-and-conditions-of-sale","status":"publish","type":"page","link":"https:\/\/odyssee-canyon.com\/en\/terms-and-conditions-of-sale\/","title":{"rendered":"Terms and conditions of sale"},"content":{"rendered":"<p>[et_pb_section fb_built=&#8221;1&#8243; _builder_version=&#8221;4.19.1&#8243; _module_preset=&#8221;default&#8221; background_color=&#8221;#41D9C5&#8243; custom_margin=&#8221;0px||0px||false|false&#8221; custom_padding=&#8221;0px||0px||false|false&#8221; global_colors_info=&#8221;{}&#8221;][et_pb_row _builder_version=&#8221;4.19.1&#8243; _module_preset=&#8221;default&#8221; custom_margin=&#8221;0px||0px||false|false&#8221; custom_padding=&#8221;20px||20px||false|false&#8221; global_colors_info=&#8221;{}&#8221;][et_pb_column type=&#8221;4_4&#8243; _builder_version=&#8221;4.19.1&#8243; _module_preset=&#8221;default&#8221; global_colors_info=&#8221;{}&#8221;][et_pb_text _builder_version=&#8221;4.24.3&#8243; _module_preset=&#8221;default&#8221; hover_enabled=&#8221;0&#8243; global_colors_info=&#8221;{}&#8221; sticky_enabled=&#8221;0&#8243;]<\/p>\n<h1>Terms and conditions of sale<\/h1>\n<h2>Registration and booking :<\/h2>\n<p>To take part in one of our activities, you <strong>must book<\/strong> in advance, subject to availability. Registrations can be made by e-mail to <span style=\"text-decoration: underline;\"><span style=\"color: #0000ff; text-decoration: underline;\">odyssee-canyon@orange.fr<\/span><\/span> or by telephone on <strong>+33(0)630.682.762<\/strong>.<br \/>Payment can be made either by <strong>bank transfer<\/strong> before the service, or on site by <strong>cheque<\/strong> or <strong>cash<\/strong>. We do not accept<strong> credit cards<\/strong> or <strong>vacation vouchers<\/strong>. By registering, you acknowledge that you have read and accept the <strong>General Terms and Conditions<\/strong> of Sale.<\/p>\n<p>If you are the <strong>subscriber of a group<\/strong> of several people, you must undertake to inform each participant of the content of the activities, undertake to register the group on the activity corresponding to the least athletic and least reckless person, and undertake to inform them of the conditions of participation and the general conditions of sale.<\/p>\n<p><strong>Our prices<\/strong> include supervision by a qualified professional and the loan of equipment (neoprene wetsuit, helmet, harness and mountain gear&#8230;). <strong>Shoes are not included in the price. Shoes must be fastened with tennis laces. We do not accept Aquashoes.<\/strong>. However, you can reserve a pair of canyoning shoes in advance by adding an extra 10\u20ac to the price of your canyoning or aquatic outing. The price does not include your transport to the departure point, food, drinks, personal pharmacy and any medication you may need if you have a medical condition. You must declare this at the time of booking and inform the guide before setting off.<\/p>\n<p>The <strong>services<\/strong> are provided by a <strong>certified professional<\/strong> independent contractor. <span style=\"font-size: 15px;\">meeting all the legal obligations associated with its business. Only the self-employed person is responsible for the service, in accordance with the prerogatives associated with his or her sports teaching diploma.<\/span><\/p>\n<p>Our <strong>activities<\/strong> are open to all, but depending on the activity and route, certain conditions must be taken into account: age, height and weight limits, ability to swim, technical or physical level, familiarity with heights for abseiling&#8230;<\/p>\n<p>The qualified supervising professional has all the<strong> power to refuse a person<\/strong> that does not fit into the <strong>required prerequisites<\/strong> for each activity, and neither he nor Odyss\u00e9e canyon can be held responsible for any problem arising from failure to comply with these prerequisites or from non-disclosure of information.<\/p>\n<p>It is also imperative that each participant is in <strong>good health<\/strong> and <strong>fit<\/strong> on the day of the activity. On the other hand, each participant must be <strong>attentive and follow<\/strong> the instructions given by the professional throughout the activity.<\/p>\n<p>You need to <strong>know how to swim<\/strong> and not be afraid to put your head under water.<\/p>\n<p>You must not have any <strong>medical contraindications<\/strong> to the chosen activity.<br \/>If you have no medical contraindications, but you are <strong>care-dependent<\/strong> or special medical treatment, or your health condition requires special attention (back pain, joint problems, etc.) or you have a special medical condition. <strong>physical or mental problem<\/strong>it is imperative that you <strong>report<\/strong> during your <strong>booking before registration<\/strong> and in <strong>inform the monitor<\/strong> before starting work.<\/p>\n<p>The <strong>activities<\/strong> we propose take place in an <strong>unsafe natural environment<\/strong>: rivers, canyons, cliffs, mountains, etc. You must therefore be <strong>aware of the risks<\/strong> inherent in these activities.<\/p>\n<h2>Appointment times and delays :<\/h2>\n<p>An <strong>appointment time<\/strong> is systematically communicated whatever the service. For the smooth running of the activities and out of respect for the other participants and the instructor, we do not tolerate <strong>any delays<\/strong>. After this period, the supervising professional leaves and no <strong>reimbursement<\/strong> or <strong>compensation<\/strong> is due.<\/p>\n<p><span style=\"font-family: Montserrat, Helvetica, Arial, Lucida, sans-serif; font-size: 22px; font-weight: bold; letter-spacing: -1px;\">Cancellation :<\/span><\/p>\n<p>The qualified <strong>professional<\/strong> in charge of the activity reserves the <strong>right to cancel<\/strong> an activity for safety reasons (weather, flooding&#8230;) or for any other case of force majeure. In such cases, a replacement activity will be organized where possible, or you will be offered an alternative date. <strong>If the outing cannot take place, the service will be reimbursed in full<\/strong>, without entitlement to any further compensation. <strong>Only the qualified professional in charge is authorized to cancel an activity in the event of bad weather.<\/strong><\/p>\n<p><strong>Odyss\u00e9e canyon<\/strong> reserves the right to cancel an outing if the minimum number of <strong>4 participants<\/strong> is not reached.<\/p>\n<h2>Reimbursement :<\/h2>\n<p>No <strong>refunds<\/strong> will be made once the<strong>activity has begun<\/strong> (the activity starts from the moment the guide welcomes you and hands over the equipment required for the outing). This is in the event that you stop the activity on your own, or because the guide invites you to stop, judging that your level of physical fitness is not suited to the activity.<\/p>\n<p>When you subscribe and book an activity, particularly for a group, you undertake to <strong>respect the number of people registered<\/strong> at the time of booking. If one or more people are <strong>absent from<\/strong> the meeting, you will be asked to <strong>pay the price<\/strong> of the number of <strong>people registered<\/strong> at the time of booking, unless you have <strong>cancelled the day before<\/strong> with Odyss\u00e9e canyon.<\/p>\n<h2>Insurance :<\/h2>\n<p>The <strong>instructor<\/strong> is covered by <strong>professional liability<\/strong> insurance. However, this insurance does not replace the <strong>participant<\/strong> &#8216;s <strong>individual civil liability<\/strong> for <strong>damage<\/strong> he or she may cause to <strong>himself or herself<\/strong> or to <strong>third parties<\/strong>, or which may result from an external natural phenomenon.<\/p>\n<p>The <strong>participant<\/strong> is informed that he\/she is responsible for taking out personal <strong>liability insurance<\/strong> to cover the <strong>practice of mountain<\/strong> sports, including search, rescue and repatriation <strong>assistance<\/strong>.<\/p>\n<h2>Audiovisual property and image rights :<\/h2>\n<p>By participating in one of our activities, you expressly agree, without restriction, that <strong>your image<\/strong> to be used for <strong>promotional<\/strong> and <strong>advertising<\/strong> material on all our <strong>&#8220;paper&#8221; media<\/strong> and our modern <strong>communication<\/strong> and <strong>telecommunication<\/strong> tools (Videos, Photos, Website, Social Networks), unless you request otherwise in writing by registered letter with acknowledgement of receipt and photo for identification purposes.<br \/>In accordance with the French Data Protection Act no. 78-17 of January 6, 1978, you have the right to access, rectify or delete any information concerning you.<\/p>\n<h2 style=\"text-align: center;\">DISPUTES &#8211; CONSUMER MEDIATION<\/h2>\n<p style=\"text-align: left;\">In the event of a dispute between the Customer and the company, the latter will endeavor to resolve it amicably (the Customer will send a written complaint to the professional or, where applicable, to the professional&#8217;s Customer Relations Department).<br \/>In the absence of an amicable agreement, or in the absence of a response from the Professional within a reasonable period of one (1) month, the consumer Customer within the meaning of article L.133-4 of the French Consumer Code may, if a disagreement remains, refer the matter free of charge to the competent mediator registered on the list of mediators drawn up by the Commission d&#8217;\u00e9valuation et de contr\u00f4le de la m\u00e9diation de la consommation in application of article L.615-1 of the French Consumer Code, namely :<br \/><strong>La Soci\u00e9t\u00e9 M\u00e9diation Professionnelle<\/strong><br \/><strong>www.mediateur-consommation-smp.fr<\/strong><br \/><strong>24 rue Albert de Mun &#8211; 33000 Bordeaux<\/strong><\/p>\n<p>[\/et_pb_text][\/et_pb_column][\/et_pb_row][\/et_pb_section]<\/p>\n","protected":false},"excerpt":{"rendered":"<p>General conditions of sale of the Odyss\u00e9e canyon website about canyoning, canyoning and canyoning trips in Savoie Haute-Savoie<\/p>\n","protected":false},"author":3,"featured_media":0,"parent":0,"menu_order":62,"comment_status":"closed","ping_status":"closed","template":"","meta":{"_et_pb_use_builder":"on","_et_pb_old_content":"","_et_gb_content_width":"","footnotes":""},"class_list":["post-7990","page","type-page","status-publish","hentry"],"yoast_head":"<!-- This site is optimized with the Yoast SEO Premium plugin v26.5 (Yoast SEO v27.3) - https:\/\/yoast.com\/product\/yoast-seo-premium-wordpress\/ -->\n<title>Odyss\u00e9e canyon terms and conditions<\/title>\n<meta name=\"description\" content=\"General conditions of sale of the Odyss\u00e9e canyon website about canyoning, canyoning and canyoning trips in Savoie Haute-Savoie\" \/>\n<meta name=\"robots\" content=\"noindex, follow\" \/>\n<meta property=\"og:locale\" content=\"en_US\" \/>\n<meta property=\"og:type\" content=\"article\" \/>\n<meta property=\"og:title\" content=\"Terms and conditions of sale\" \/>\n<meta property=\"og:description\" content=\"General conditions of sale of the Odyss\u00e9e canyon website about canyoning, canyoning and canyoning trips in Savoie Haute-Savoie\" \/>\n<meta property=\"og:url\" content=\"https:\/\/odyssee-canyon.com\/en\/terms-and-conditions-of-sale\/\" \/>\n<meta property=\"og:site_name\" content=\"Odyssee canyon\" \/>\n<meta property=\"article:publisher\" content=\"https:\/\/www.facebook.com\/odyssee.canyon\" \/>\n<meta property=\"article:modified_time\" content=\"2024-04-17T12:56:47+00:00\" \/>\n<meta name=\"twitter:card\" content=\"summary_large_image\" \/>\n<meta name=\"twitter:site\" content=\"@odysseecanyon\" \/>\n<meta name=\"twitter:label1\" content=\"Est. reading time\" \/>\n\t<meta name=\"twitter:data1\" content=\"6 minutes\" \/>\n<script type=\"application\/ld+json\" class=\"yoast-schema-graph\">{\"@context\":\"https:\\\/\\\/schema.org\",\"@graph\":[{\"@type\":\"WebPage\",\"@id\":\"https:\\\/\\\/odyssee-canyon.com\\\/en\\\/terms-and-conditions-of-sale\\\/\",\"url\":\"https:\\\/\\\/odyssee-canyon.com\\\/en\\\/terms-and-conditions-of-sale\\\/\",\"name\":\"Odyss\u00e9e canyon terms and conditions\",\"isPartOf\":{\"@id\":\"https:\\\/\\\/odyssee-canyon.com\\\/en\\\/#website\"},\"datePublished\":\"2022-11-12T15:36:21+00:00\",\"dateModified\":\"2024-04-17T12:56:47+00:00\",\"description\":\"General conditions of sale of the Odyss\u00e9e canyon website about canyoning, canyoning and canyoning trips in Savoie Haute-Savoie\",\"breadcrumb\":{\"@id\":\"https:\\\/\\\/odyssee-canyon.com\\\/en\\\/terms-and-conditions-of-sale\\\/#breadcrumb\"},\"inLanguage\":\"en-US\",\"potentialAction\":[{\"@type\":\"ReadAction\",\"target\":[\"https:\\\/\\\/odyssee-canyon.com\\\/en\\\/terms-and-conditions-of-sale\\\/\"]}]},{\"@type\":\"BreadcrumbList\",\"@id\":\"https:\\\/\\\/odyssee-canyon.com\\\/en\\\/terms-and-conditions-of-sale\\\/#breadcrumb\",\"itemListElement\":[{\"@type\":\"ListItem\",\"position\":1,\"name\":\"Accueil\",\"item\":\"https:\\\/\\\/odyssee-canyon.com\\\/en\\\/\"},{\"@type\":\"ListItem\",\"position\":2,\"name\":\"Terms and conditions of sale\"}]},{\"@type\":\"WebSite\",\"@id\":\"https:\\\/\\\/odyssee-canyon.com\\\/en\\\/#website\",\"url\":\"https:\\\/\\\/odyssee-canyon.com\\\/en\\\/\",\"name\":\"odyssee-canyon\",\"description\":\"Canyoning et randonn&eacute;e aquatique &agrave; Annecy en Haute-Savoie et entre Albertville, Moutiers et Bourg-Saint-Maurice en Tarentaise en Savoie avec Odyss&eacute;e Canyon sp&eacute;cialiste du canyonisme\",\"publisher\":{\"@id\":\"https:\\\/\\\/odyssee-canyon.com\\\/en\\\/#organization\"},\"potentialAction\":[{\"@type\":\"SearchAction\",\"target\":{\"@type\":\"EntryPoint\",\"urlTemplate\":\"https:\\\/\\\/odyssee-canyon.com\\\/en\\\/?s={search_term_string}\"},\"query-input\":{\"@type\":\"PropertyValueSpecification\",\"valueRequired\":true,\"valueName\":\"search_term_string\"}}],\"inLanguage\":\"en-US\"},{\"@type\":\"Organization\",\"@id\":\"https:\\\/\\\/odyssee-canyon.com\\\/en\\\/#organization\",\"name\":\"Odyss\u00e9e Canyon\",\"url\":\"https:\\\/\\\/odyssee-canyon.com\\\/en\\\/\",\"logo\":{\"@type\":\"ImageObject\",\"inLanguage\":\"en-US\",\"@id\":\"https:\\\/\\\/odyssee-canyon.com\\\/en\\\/#\\\/schema\\\/logo\\\/image\\\/\",\"url\":\"https:\\\/\\\/odyssee-canyon.com\\\/wp-content\\\/uploads\\\/2023\\\/12\\\/0_Logo-MyYoast.jpg\",\"contentUrl\":\"https:\\\/\\\/odyssee-canyon.com\\\/wp-content\\\/uploads\\\/2023\\\/12\\\/0_Logo-MyYoast.jpg\",\"width\":167,\"height\":167,\"caption\":\"Odyss\u00e9e Canyon\"},\"image\":{\"@id\":\"https:\\\/\\\/odyssee-canyon.com\\\/en\\\/#\\\/schema\\\/logo\\\/image\\\/\"},\"sameAs\":[\"https:\\\/\\\/www.facebook.com\\\/odyssee.canyon\",\"https:\\\/\\\/x.com\\\/odysseecanyon\",\"https:\\\/\\\/odyssee-canyon.com\",\"https:\\\/\\\/www.instagram.com\\\/odysseecanyon\\\/\",\"https:\\\/\\\/www.linkedin.com\\\/in\\\/odyssee-canyon\\\/\",\"https:\\\/\\\/www.pinterest.fr\\\/odysseecanyon\\\/\",\"https:\\\/\\\/www.tripadvisor.fr\\\/Profile\\\/odyssee-canyon\",\"https:\\\/\\\/www.youtube.com\\\/@odyssee-canyon\",\"https:\\\/\\\/www.tumblr.com\\\/blog\\\/odysseecanyon\",\"https:\\\/\\\/mastodon.social\\\/@odysseecanyon\"]}]}<\/script>\n<!-- \/ Yoast SEO Premium plugin. -->","yoast_head_json":{"title":"Odyss\u00e9e canyon terms and conditions","description":"General conditions of sale of the Odyss\u00e9e canyon website about canyoning, canyoning and canyoning trips in Savoie Haute-Savoie","robots":{"index":"noindex","follow":"follow"},"og_locale":"en_US","og_type":"article","og_title":"Terms and conditions of sale","og_description":"General conditions of sale of the Odyss\u00e9e canyon website about canyoning, canyoning and canyoning trips in Savoie Haute-Savoie","og_url":"https:\/\/odyssee-canyon.com\/en\/terms-and-conditions-of-sale\/","og_site_name":"Odyssee canyon","article_publisher":"https:\/\/www.facebook.com\/odyssee.canyon","article_modified_time":"2024-04-17T12:56:47+00:00","twitter_card":"summary_large_image","twitter_site":"@odysseecanyon","twitter_misc":{"Est. reading time":"6 minutes"},"schema":{"@context":"https:\/\/schema.org","@graph":[{"@type":"WebPage","@id":"https:\/\/odyssee-canyon.com\/en\/terms-and-conditions-of-sale\/","url":"https:\/\/odyssee-canyon.com\/en\/terms-and-conditions-of-sale\/","name":"Odyss\u00e9e canyon terms and conditions","isPartOf":{"@id":"https:\/\/odyssee-canyon.com\/en\/#website"},"datePublished":"2022-11-12T15:36:21+00:00","dateModified":"2024-04-17T12:56:47+00:00","description":"General conditions of sale of the Odyss\u00e9e canyon website about canyoning, canyoning and canyoning trips in Savoie Haute-Savoie","breadcrumb":{"@id":"https:\/\/odyssee-canyon.com\/en\/terms-and-conditions-of-sale\/#breadcrumb"},"inLanguage":"en-US","potentialAction":[{"@type":"ReadAction","target":["https:\/\/odyssee-canyon.com\/en\/terms-and-conditions-of-sale\/"]}]},{"@type":"BreadcrumbList","@id":"https:\/\/odyssee-canyon.com\/en\/terms-and-conditions-of-sale\/#breadcrumb","itemListElement":[{"@type":"ListItem","position":1,"name":"Accueil","item":"https:\/\/odyssee-canyon.com\/en\/"},{"@type":"ListItem","position":2,"name":"Terms and conditions of sale"}]},{"@type":"WebSite","@id":"https:\/\/odyssee-canyon.com\/en\/#website","url":"https:\/\/odyssee-canyon.com\/en\/","name":"odyssee-canyon","description":"Canyoning et randonn&eacute;e aquatique &agrave; Annecy en Haute-Savoie et entre Albertville, Moutiers et Bourg-Saint-Maurice en Tarentaise en Savoie avec Odyss&eacute;e Canyon sp&eacute;cialiste du canyonisme","publisher":{"@id":"https:\/\/odyssee-canyon.com\/en\/#organization"},"potentialAction":[{"@type":"SearchAction","target":{"@type":"EntryPoint","urlTemplate":"https:\/\/odyssee-canyon.com\/en\/?s={search_term_string}"},"query-input":{"@type":"PropertyValueSpecification","valueRequired":true,"valueName":"search_term_string"}}],"inLanguage":"en-US"},{"@type":"Organization","@id":"https:\/\/odyssee-canyon.com\/en\/#organization","name":"Odyss\u00e9e Canyon","url":"https:\/\/odyssee-canyon.com\/en\/","logo":{"@type":"ImageObject","inLanguage":"en-US","@id":"https:\/\/odyssee-canyon.com\/en\/#\/schema\/logo\/image\/","url":"https:\/\/odyssee-canyon.com\/wp-content\/uploads\/2023\/12\/0_Logo-MyYoast.jpg","contentUrl":"https:\/\/odyssee-canyon.com\/wp-content\/uploads\/2023\/12\/0_Logo-MyYoast.jpg","width":167,"height":167,"caption":"Odyss\u00e9e Canyon"},"image":{"@id":"https:\/\/odyssee-canyon.com\/en\/#\/schema\/logo\/image\/"},"sameAs":["https:\/\/www.facebook.com\/odyssee.canyon","https:\/\/x.com\/odysseecanyon","https:\/\/odyssee-canyon.com","https:\/\/www.instagram.com\/odysseecanyon\/","https:\/\/www.linkedin.com\/in\/odyssee-canyon\/","https:\/\/www.pinterest.fr\/odysseecanyon\/","https:\/\/www.tripadvisor.fr\/Profile\/odyssee-canyon","https:\/\/www.youtube.com\/@odyssee-canyon","https:\/\/www.tumblr.com\/blog\/odysseecanyon","https:\/\/mastodon.social\/@odysseecanyon"]}]}},"_links":{"self":[{"href":"https:\/\/odyssee-canyon.com\/en\/wp-json\/wp\/v2\/pages\/7990","targetHints":{"allow":["GET"]}}],"collection":[{"href":"https:\/\/odyssee-canyon.com\/en\/wp-json\/wp\/v2\/pages"}],"about":[{"href":"https:\/\/odyssee-canyon.com\/en\/wp-json\/wp\/v2\/types\/page"}],"author":[{"embeddable":true,"href":"https:\/\/odyssee-canyon.com\/en\/wp-json\/wp\/v2\/users\/3"}],"replies":[{"embeddable":true,"href":"https:\/\/odyssee-canyon.com\/en\/wp-json\/wp\/v2\/comments?post=7990"}],"version-history":[{"count":12,"href":"https:\/\/odyssee-canyon.com\/en\/wp-json\/wp\/v2\/pages\/7990\/revisions"}],"predecessor-version":[{"id":14080,"href":"https:\/\/odyssee-canyon.com\/en\/wp-json\/wp\/v2\/pages\/7990\/revisions\/14080"}],"wp:attachment":[{"href":"https:\/\/odyssee-canyon.com\/en\/wp-json\/wp\/v2\/media?parent=7990"}],"curies":[{"name":"wp","href":"https:\/\/api.w.org\/{rel}","templated":true}]}}