{"id":10392,"date":"2022-11-12T15:36:21","date_gmt":"2022-11-12T15:36:21","guid":{"rendered":"https:\/\/odyssee-canyon.com\/allgemeine-geschaeftsbedingungen\/"},"modified":"2024-04-17T13:01:04","modified_gmt":"2024-04-17T13:01:04","slug":"allgemeine-geschaeftsbedingungen","status":"publish","type":"page","link":"https:\/\/odyssee-canyon.com\/de\/allgemeine-geschaeftsbedingungen\/","title":{"rendered":"Allgemeine Gesch\u00e4ftsbedingungen"},"content":{"rendered":"<p>[et_pb_section fb_built=&#8220;1&#8243; _builder_version=&#8220;4.19.1&#8243; _module_preset=&#8220;default&#8220; background_color=&#8220;#41D9C5&#8243; custom_margin=&#8220;0px||0px||false|false&#8220; custom_padding=&#8220;0px||0px||false|false&#8220; global_colors_info=&#8220;{}&#8220;][et_pb_row _builder_version=&#8220;4.19.1&#8243; _module_preset=&#8220;default&#8220; custom_margin=&#8220;0px||0px||false|false&#8220; custom_padding=&#8220;20px||20px||false|false&#8220; global_colors_info=&#8220;{}&#8220;][et_pb_column type=&#8220;4_4&#8243; _builder_version=&#8220;4.19.1&#8243; _module_preset=&#8220;default&#8220; global_colors_info=&#8220;{}&#8220;][et_pb_text _builder_version=&#8220;4.24.3&#8243; _module_preset=&#8220;default&#8220; hover_enabled=&#8220;0&#8243; global_colors_info=&#8220;{}&#8220; sticky_enabled=&#8220;0&#8243;]<\/p>\n<h1>Allgemeine Gesch\u00e4ftsbedingungen<\/h1>\n<h2>Anmelde- und Reservierungsmodalit\u00e4ten :<\/h2>\n<p>Um an einer unserer Aktivit\u00e4ten teilnehmen zu k\u00f6nnen, m\u00fcssen Sie je nach Verf\u00fcgbarkeit im Voraus <strong>buchen<\/strong>. Anmeldungen k\u00f6nnen per E-Mail an erfolgen. <span style=\"text-decoration: underline;\"><br \/><span style=\"color: #0000ff; text-decoration: underline;\">odyssee-canyon@orange.fr<\/span><br \/><\/span> oder per Telefon unter <strong>+33(0)630.682.762<\/strong>.<br \/>Die Zahlung erfolgt entweder per <strong>\u00dcberweisung<\/strong> vor der Leistung oder vor Ort per <strong>Scheck<\/strong> oder in <strong>bar<\/strong>. Wir nehmen<strong> keine Kreditkarten<\/strong> oder <strong>Urlaubsschecks<\/strong> an. Bei der Anmeldung best\u00e4tigen Sie, dass Sie die <strong>Allgemeinen Gesch\u00e4ftsbedingungen<\/strong> zur Kenntnis genommen haben und akzeptieren.<\/p>\n<p>Wenn Sie <strong>Gruppenzeichner<\/strong> sind Sie m\u00fcssen sich verpflichten, jeden Teilnehmer \u00fcber den Inhalt der Aktivit\u00e4ten zu informieren, die Gruppe f\u00fcr die Aktivit\u00e4t anzumelden, die der am wenigsten sportlichen und waghalsigen Person entspricht, und Sie m\u00fcssen sich verpflichten, sie \u00fcber die Teilnahmebedingungen und die allgemeinen Gesch\u00e4ftsbedingungen zu informieren.<\/p>\n<p><strong>Unsere Preise<\/strong> beinhalten die Betreuung durch eine diplomierte Fachkraft und den Verleih der Ausr\u00fcstung (Neoprenanzug, Helm, Klettergurt und Bergausr\u00fcstung&#8230;). <strong>Schuhe sind im Preis nicht inbegriffen. Die Schuhe m\u00fcssen mit tennis\u00e4hnlichen Schn\u00fcrsenkeln geschlossen sein. Wir akzeptieren keine Schuhe vom Typ Aquashoes<\/strong>. Sie haben jedoch die M\u00f6glichkeit, ein Paar Canyoningschuhe im Voraus zu reservieren, indem Sie 10 \u20ac zus\u00e4tzlich auf den Preis Ihrer Canyoning- oder Wasserwandertour aufschlagen. Im Preis nicht inbegriffen sind au\u00dferdem Ihr Transport zum Startpunkt, Essen, Getr\u00e4nke, eine eventuelle pers\u00f6nliche Apotheke mit dem\/den entsprechenden Medikament(en) f\u00fcr Ihre Erkrankung, falls Sie eine solche haben und nachdem Sie diese bei der Buchung angegeben und den F\u00fchrer vor dem Start der Canyoning-Tour dar\u00fcber informiert haben.<\/p>\n<p>Die <strong>Leistungen<\/strong> werden von einer selbstst\u00e4ndig arbeitenden <strong>diplomierten Fachkraft<\/strong> erbracht. <span style=\"font-size: 15px;\">alle rechtlichen Verpflichtungen erf\u00fcllen, die mit ihrem Beruf verbunden sind. Nur der Selbstst\u00e4ndige ist gem\u00e4\u00df den Vorrechten, die mit seinem Diplom als Sportlehrer verbunden sind, f\u00fcr die Leistung verantwortlich.<\/span><\/p>\n<p>Unsere <strong>Aktivit\u00e4ten<\/strong> sind f\u00fcr alle offen, allerdings sind je nach Aktivit\u00e4t und Parcours bestimmte Bedingungen zu beachten: Alters-, Gr\u00f6\u00dfen- und Gewichtsgrenze, Schwimmkenntnisse, technisches oder k\u00f6rperliches Niveau, Gew\u00f6hnung an die H\u00f6he beim Abseilen&#8230;<\/p>\n<p>Die betreuende diplomierte Fachkraft hat alle<strong> Befugnis, eine Person abzulehnen<\/strong> der nicht in die <strong>geforderte Voraussetzungen<\/strong> F\u00fcr den Fall, dass Sie diese Voraussetzungen nicht erf\u00fcllen oder Informationen nicht weitergeben, kann weder er noch Odyss\u00e9e Canyon daf\u00fcr haftbar gemacht werden.<\/p>\n<p>Es ist au\u00dferdem zwingend erforderlich, dass jeder Teilnehmer am Tag der Aktivit\u00e4t <strong>gesund<\/strong> und <strong>fit<\/strong> ist. Andererseits muss jeder Teilnehmer <strong>aufmerksam<\/strong> sein <strong>und<\/strong> die Anweisungen der Fachkraft w\u00e4hrend der gesamten Aktivit\u00e4t <strong>gut ausf\u00fchren<\/strong>.<\/p>\n<p>Sie m\u00fcssen unbedingt <strong>schwimmen k\u00f6nnen<\/strong> und d\u00fcrfen keine Angst davor haben, den Kopf unter Wasser zu stecken.<\/p>\n<p>Bei Ihnen darf keine <strong>medizinische Indikation gegen<\/strong> die Aus\u00fcbung der gew\u00e4hlten Aktivit\u00e4t vorliegen.<br \/>Wenn bei Ihnen keine medizinische Kontraindikation vorliegt, Sie aber <strong>auf Pflege angewiesen<\/strong> oder besondere medizinische Spezialbehandlungen ben\u00f6tigen oder Ihr Gesundheitszustand besondere Aufmerksamkeit erfordert (R\u00fcckenschmerzen, Sorgen um ein Gelenk oder \u00c4hnliches) oder Sie einen <strong>k\u00f6rperliches oder geistiges Problem<\/strong>Sie m\u00fcssen ihn unbedingt <strong>erkl\u00e4ren<\/strong> bei Ihrer <strong>Reservierung vor Ihrer Anmeldung<\/strong> und in <strong>den Monitor informieren<\/strong> vor der Aufnahme der T\u00e4tigkeit.<\/p>\n<p>Die <strong>Aktivit\u00e4ten<\/strong>, die wir Ihnen anbieten, werden in einer <strong>ungesicherten nat\u00fcrlichen Umgebung<\/strong> ausge\u00fcbt: Fl\u00fcsse, Canyons, Klippen, Berge&#8230; Aus diesem Grund m\u00fcssen Sie sich <strong>der Risiken bewusst<\/strong> sein, die mit der Aus\u00fcbung dieser Aktivit\u00e4ten verbunden sind.<\/p>\n<h2>Treffpunktzeiten und Versp\u00e4tungen :<\/h2>\n<p>Eine Uhrzeit f\u00fcr einen <strong>Termin<\/strong> wird systematisch mitgeteilt, unabh\u00e4ngig von der Leistung. Um einen reibungslosen Ablauf der Aktivit\u00e4ten zu gew\u00e4hrleisten und aus Respekt gegen\u00fcber den anderen Teilnehmern und dem Betreuer, tolerieren wir <strong>keine Versp\u00e4tungen<\/strong>. Nach Ablauf dieser Frist geht die betreuende Fachkraft in den aktiven Dienst und es kann <strong>keine R\u00fcckerstattung<\/strong> oder <strong>Entsch\u00e4digung<\/strong> gefordert werden.<\/p>\n<p><span style=\"font-family: Montserrat, Helvetica, Arial, Lucida, sans-serif; font-size: 22px; font-weight: bold; letter-spacing: -1px;\">Annullierung :<\/span><\/p>\n<p>Die betreuende diplomierte <strong>Fachkraft<\/strong> beh\u00e4lt sich das <strong>Recht<\/strong> vor, eine Aktivit\u00e4t aus Sicherheitsgr\u00fcnden (Wetter, Hochwasser&#8230;) oder in allen anderen F\u00e4llen h\u00f6herer Gewalt <strong>abzusagen<\/strong>. In diesen F\u00e4llen wird nach M\u00f6glichkeit eine Ersatzveranstaltung organisiert oder Ihnen ein anderer Termin vorgeschlagen. <strong>Wenn der Ausflug nicht durchgef\u00fchrt werden kann, wird die Leistung vollst\u00e4ndig zur\u00fcckerstattet<\/strong>, ohne dass ein Anspruch auf eine weitere Entsch\u00e4digung besteht. <strong>Nur die betreuende diplomierte Fachkraft ist berechtigt, eine Aktivit\u00e4t bei schlechtem Wetter abzusagen.<\/strong><\/p>\n<p><strong>Odyss\u00e9e canyon<\/strong> beh\u00e4lt sich das Recht vor, eine Leistung zu stornieren, wenn die Mindestanzahl von <strong>4 Teilnehmern<\/strong> f\u00fcr den Ausflug nicht erreicht wird.<\/p>\n<h2>R\u00fcckerstattung :<\/h2>\n<p>Ab dem Zeitpunkt, an dem die<strong>Aktivit\u00e4t begonnen hat<\/strong>, kann <strong>keine R\u00fcckerstattung<\/strong> mehr erfolgen (die Aktivit\u00e4t beginnt in dem Moment, in dem der F\u00fchrer Sie begr\u00fc\u00dft und Ihnen die f\u00fcr den Ausflug erforderliche Ausr\u00fcstung \u00fcbergibt). Dies gilt f\u00fcr den Fall, dass Sie die Aktivit\u00e4t von sich aus abbrechen oder weil der Guide Sie dazu auffordert, weil er der Meinung ist, dass Ihre k\u00f6rperlichen Ressourcen nicht f\u00fcr die Aktivit\u00e4t geeignet sind.<\/p>\n<p>Wenn Sie eine Aktivit\u00e4t insbesondere f\u00fcr eine Gruppe abonnieren und buchen, verpflichten Sie sich, <strong>die Anzahl<\/strong> der bei der Buchung <strong>angemeldeten Personen einzuhalten<\/strong>. Wenn eine oder mehrere angemeldete Personen am Treffpunkt <strong>nicht anwesend<\/strong> sind, werden Sie gebeten, <strong>den Preis<\/strong> f\u00fcr die Anzahl der <strong>Personen<\/strong> zu <strong>bezahlen<\/strong>, die bei der Buchung <strong>angemeldet<\/strong> waren, au\u00dfer wenn Sie <strong>am Vortag<\/strong> bei Odyss\u00e9e canyon <strong>abgesagt<\/strong> haben.<\/p>\n<h2>Versicherungen :<\/h2>\n<p>Der <strong>Betreuer<\/strong> ist gegen <strong>Berufshaftpflicht<\/strong> versichert. Diese Versicherung ersetzt jedoch nicht die <strong>individuelle Haftpflicht<\/strong> des <strong>Teilnehmers<\/strong> in Bezug auf <strong>Sch\u00e4den<\/strong>, die der Teilnehmer <strong>sich selbst<\/strong> oder <strong>Dritten<\/strong> zuf\u00fcgen k\u00f6nnte oder die durch ein \u00e4u\u00dferes Naturph\u00e4nomen entstehen k\u00f6nnten.<\/p>\n<p>Der <strong>Teilnehmer<\/strong> wird dar\u00fcber informiert, dass er selbst daf\u00fcr verantwortlich ist, eine <strong>Haftpflichtversicherung<\/strong> abzuschlie\u00dfen, die ihn individuell f\u00fcr die <strong>Aus\u00fcbung von Bergsportarten<\/strong> <strong>versichert<\/strong> und die Such-, Rettungs- und <strong>R\u00fcckf\u00fchrungshilfe<\/strong> einschlie\u00dft.<\/p>\n<h2>Audiovisuelles Eigentum und Rechte am eigenen Bild :<\/h2>\n<p>Durch die Teilnahme an einer unserer Aktivit\u00e4ten erkl\u00e4ren Sie sich ausdr\u00fccklich und ohne Einschr\u00e4nkung damit einverstanden, dass <strong>Ihr Bild<\/strong> zu folgenden Zwecken verwendet wird (Videos, Fotos, <strong>Internetseiten<\/strong>, soziale <strong>Netzwerke<\/strong> ), es sei denn, Sie haben dies schriftlich per Einschreiben mit R\u00fcckschein beantragt und <strong>ein<\/strong> Foto zu Ihrer Identifizierung beigef\u00fcgt.<br \/>Gem\u00e4\u00df dem Gesetz Nr. 78-17 vom 6. Januar 1978 \u00fcber Informatik, Dateien und Freiheitsrechte haben Sie das Recht, auf die Sie betreffenden Informationen zuzugreifen und sie zu berichtigen oder zu l\u00f6schen.<\/p>\n<h2 style=\"text-align: center;\"><strong>STREITFALL &#8211; VERBRAUCHERSCHLICHTUNG<\/strong><\/h2>\n<p>Im Falle eines Rechtsstreits zwischen dem Kunden und dem Unternehmen werden sich diese bem\u00fchen, den Streit g\u00fctlich beizulegen (der Kunde richtet eine schriftliche Beschwerde an den Unternehmer oder gegebenenfalls an den Kundenservice des Unternehmers).<br \/>Kommt keine g\u00fctliche Einigung zustande oder antwortet der Gewerbetreibende nicht innerhalb einer angemessenen Frist von einem (1) Monat, hat der Kunde, der Verbraucher im Sinne von Artikel L.133-4 des Verbrauchergesetzbuchs ist, die M\u00f6glichkeit, bei fortbestehender Meinungsverschiedenheit kostenlos den zust\u00e4ndigen Mediator anzurufen, der in der von der Commission d&#8217;\u00e9valuation et de contr\u00f4le de la m\u00e9diation de la consommation gem\u00e4\u00df Artikel L.615-1 des Verbrauchergesetzbuchs erstellten Liste der Mediatoren eingetragen ist, d. h. :<br \/><strong>Die Gesellschaft M\u00e9diation Professionnelle<\/strong><br \/><strong>www.mediateur-consommation-smp.fr<\/strong><br \/><strong>24 rue Albert de Mun &#8211; 33000 Bordeaux<\/strong><\/p>\n<p>[\/et_pb_text][\/et_pb_column][\/et_pb_row][\/et_pb_section]<\/p>\n","protected":false},"excerpt":{"rendered":"<p>Allgemeine Gesch\u00e4ftsbedingungen der Internetseite Odyss\u00e9e canyon \u00fcber Canyoning, Schluchtenwanderungen und Canyoning in Savoie Haute-Savoie<\/p>\n","protected":false},"author":3,"featured_media":0,"parent":0,"menu_order":62,"comment_status":"closed","ping_status":"closed","template":"","meta":{"_et_pb_use_builder":"on","_et_pb_old_content":"","_et_gb_content_width":"","footnotes":""},"class_list":["post-10392","page","type-page","status-publish","hentry"],"yoast_head":"<!-- This site is optimized with the Yoast SEO Premium plugin v26.5 (Yoast SEO v27.3) - https:\/\/yoast.com\/product\/yoast-seo-premium-wordpress\/ -->\n<title>Odyss\u00e9e canyon allgemeine Gesch\u00e4ftsbedingungen<\/title>\n<meta name=\"description\" content=\"Allgemeine Gesch\u00e4ftsbedingungen der Internetseite Odyss\u00e9e canyon \u00fcber Canyoning, Schluchtenwanderungen und Canyoning in Savoie Haute-Savoie\" \/>\n<meta name=\"robots\" content=\"noindex, follow\" \/>\n<meta property=\"og:locale\" content=\"de_DE\" \/>\n<meta property=\"og:type\" content=\"article\" \/>\n<meta property=\"og:title\" content=\"Allgemeine Gesch\u00e4ftsbedingungen\" \/>\n<meta property=\"og:description\" content=\"Allgemeine Gesch\u00e4ftsbedingungen der Internetseite Odyss\u00e9e canyon \u00fcber Canyoning, Schluchtenwanderungen und Canyoning in Savoie Haute-Savoie\" \/>\n<meta property=\"og:url\" content=\"https:\/\/odyssee-canyon.com\/de\/allgemeine-geschaeftsbedingungen\/\" \/>\n<meta property=\"og:site_name\" content=\"Odyssee canyon\" \/>\n<meta property=\"article:publisher\" content=\"https:\/\/www.facebook.com\/odyssee.canyon\" \/>\n<meta property=\"article:modified_time\" content=\"2024-04-17T13:01:04+00:00\" \/>\n<meta name=\"twitter:card\" content=\"summary_large_image\" \/>\n<meta name=\"twitter:site\" content=\"@odysseecanyon\" \/>\n<meta name=\"twitter:label1\" content=\"Gesch\u00e4tzte Lesezeit\" \/>\n\t<meta name=\"twitter:data1\" content=\"6 Minuten\" \/>\n<script type=\"application\/ld+json\" class=\"yoast-schema-graph\">{\"@context\":\"https:\\\/\\\/schema.org\",\"@graph\":[{\"@type\":\"WebPage\",\"@id\":\"https:\\\/\\\/odyssee-canyon.com\\\/de\\\/allgemeine-geschaeftsbedingungen\\\/\",\"url\":\"https:\\\/\\\/odyssee-canyon.com\\\/de\\\/allgemeine-geschaeftsbedingungen\\\/\",\"name\":\"Odyss\u00e9e canyon allgemeine Gesch\u00e4ftsbedingungen\",\"isPartOf\":{\"@id\":\"https:\\\/\\\/odyssee-canyon.com\\\/de\\\/#website\"},\"datePublished\":\"2022-11-12T15:36:21+00:00\",\"dateModified\":\"2024-04-17T13:01:04+00:00\",\"description\":\"Allgemeine Gesch\u00e4ftsbedingungen der Internetseite Odyss\u00e9e canyon \u00fcber Canyoning, Schluchtenwanderungen und Canyoning in Savoie Haute-Savoie\",\"breadcrumb\":{\"@id\":\"https:\\\/\\\/odyssee-canyon.com\\\/de\\\/allgemeine-geschaeftsbedingungen\\\/#breadcrumb\"},\"inLanguage\":\"de\",\"potentialAction\":[{\"@type\":\"ReadAction\",\"target\":[\"https:\\\/\\\/odyssee-canyon.com\\\/de\\\/allgemeine-geschaeftsbedingungen\\\/\"]}]},{\"@type\":\"BreadcrumbList\",\"@id\":\"https:\\\/\\\/odyssee-canyon.com\\\/de\\\/allgemeine-geschaeftsbedingungen\\\/#breadcrumb\",\"itemListElement\":[{\"@type\":\"ListItem\",\"position\":1,\"name\":\"Accueil\",\"item\":\"https:\\\/\\\/odyssee-canyon.com\\\/de\\\/\"},{\"@type\":\"ListItem\",\"position\":2,\"name\":\"Allgemeine Gesch\u00e4ftsbedingungen\"}]},{\"@type\":\"WebSite\",\"@id\":\"https:\\\/\\\/odyssee-canyon.com\\\/de\\\/#website\",\"url\":\"https:\\\/\\\/odyssee-canyon.com\\\/de\\\/\",\"name\":\"odyssee-canyon\",\"description\":\"Canyoning et randonn&eacute;e aquatique &agrave; Annecy en Haute-Savoie et entre Albertville, Moutiers et Bourg-Saint-Maurice en Tarentaise en Savoie avec Odyss&eacute;e Canyon sp&eacute;cialiste du canyonisme\",\"publisher\":{\"@id\":\"https:\\\/\\\/odyssee-canyon.com\\\/de\\\/#organization\"},\"potentialAction\":[{\"@type\":\"SearchAction\",\"target\":{\"@type\":\"EntryPoint\",\"urlTemplate\":\"https:\\\/\\\/odyssee-canyon.com\\\/de\\\/?s={search_term_string}\"},\"query-input\":{\"@type\":\"PropertyValueSpecification\",\"valueRequired\":true,\"valueName\":\"search_term_string\"}}],\"inLanguage\":\"de\"},{\"@type\":\"Organization\",\"@id\":\"https:\\\/\\\/odyssee-canyon.com\\\/de\\\/#organization\",\"name\":\"Odyss\u00e9e Canyon\",\"url\":\"https:\\\/\\\/odyssee-canyon.com\\\/de\\\/\",\"logo\":{\"@type\":\"ImageObject\",\"inLanguage\":\"de\",\"@id\":\"https:\\\/\\\/odyssee-canyon.com\\\/de\\\/#\\\/schema\\\/logo\\\/image\\\/\",\"url\":\"https:\\\/\\\/odyssee-canyon.com\\\/wp-content\\\/uploads\\\/2023\\\/12\\\/0_Logo-MyYoast.jpg\",\"contentUrl\":\"https:\\\/\\\/odyssee-canyon.com\\\/wp-content\\\/uploads\\\/2023\\\/12\\\/0_Logo-MyYoast.jpg\",\"width\":167,\"height\":167,\"caption\":\"Odyss\u00e9e Canyon\"},\"image\":{\"@id\":\"https:\\\/\\\/odyssee-canyon.com\\\/de\\\/#\\\/schema\\\/logo\\\/image\\\/\"},\"sameAs\":[\"https:\\\/\\\/www.facebook.com\\\/odyssee.canyon\",\"https:\\\/\\\/x.com\\\/odysseecanyon\",\"https:\\\/\\\/odyssee-canyon.com\",\"https:\\\/\\\/www.instagram.com\\\/odysseecanyon\\\/\",\"https:\\\/\\\/www.linkedin.com\\\/in\\\/odyssee-canyon\\\/\",\"https:\\\/\\\/www.pinterest.fr\\\/odysseecanyon\\\/\",\"https:\\\/\\\/www.tripadvisor.fr\\\/Profile\\\/odyssee-canyon\",\"https:\\\/\\\/www.youtube.com\\\/@odyssee-canyon\",\"https:\\\/\\\/www.tumblr.com\\\/blog\\\/odysseecanyon\",\"https:\\\/\\\/mastodon.social\\\/@odysseecanyon\"]}]}<\/script>\n<!-- \/ Yoast SEO Premium plugin. -->","yoast_head_json":{"title":"Odyss\u00e9e canyon allgemeine Gesch\u00e4ftsbedingungen","description":"Allgemeine Gesch\u00e4ftsbedingungen der Internetseite Odyss\u00e9e canyon \u00fcber Canyoning, Schluchtenwanderungen und Canyoning in Savoie Haute-Savoie","robots":{"index":"noindex","follow":"follow"},"og_locale":"de_DE","og_type":"article","og_title":"Allgemeine Gesch\u00e4ftsbedingungen","og_description":"Allgemeine Gesch\u00e4ftsbedingungen der Internetseite Odyss\u00e9e canyon \u00fcber Canyoning, Schluchtenwanderungen und Canyoning in Savoie Haute-Savoie","og_url":"https:\/\/odyssee-canyon.com\/de\/allgemeine-geschaeftsbedingungen\/","og_site_name":"Odyssee canyon","article_publisher":"https:\/\/www.facebook.com\/odyssee.canyon","article_modified_time":"2024-04-17T13:01:04+00:00","twitter_card":"summary_large_image","twitter_site":"@odysseecanyon","twitter_misc":{"Gesch\u00e4tzte Lesezeit":"6 Minuten"},"schema":{"@context":"https:\/\/schema.org","@graph":[{"@type":"WebPage","@id":"https:\/\/odyssee-canyon.com\/de\/allgemeine-geschaeftsbedingungen\/","url":"https:\/\/odyssee-canyon.com\/de\/allgemeine-geschaeftsbedingungen\/","name":"Odyss\u00e9e canyon allgemeine Gesch\u00e4ftsbedingungen","isPartOf":{"@id":"https:\/\/odyssee-canyon.com\/de\/#website"},"datePublished":"2022-11-12T15:36:21+00:00","dateModified":"2024-04-17T13:01:04+00:00","description":"Allgemeine Gesch\u00e4ftsbedingungen der Internetseite Odyss\u00e9e canyon \u00fcber Canyoning, Schluchtenwanderungen und Canyoning in Savoie Haute-Savoie","breadcrumb":{"@id":"https:\/\/odyssee-canyon.com\/de\/allgemeine-geschaeftsbedingungen\/#breadcrumb"},"inLanguage":"de","potentialAction":[{"@type":"ReadAction","target":["https:\/\/odyssee-canyon.com\/de\/allgemeine-geschaeftsbedingungen\/"]}]},{"@type":"BreadcrumbList","@id":"https:\/\/odyssee-canyon.com\/de\/allgemeine-geschaeftsbedingungen\/#breadcrumb","itemListElement":[{"@type":"ListItem","position":1,"name":"Accueil","item":"https:\/\/odyssee-canyon.com\/de\/"},{"@type":"ListItem","position":2,"name":"Allgemeine Gesch\u00e4ftsbedingungen"}]},{"@type":"WebSite","@id":"https:\/\/odyssee-canyon.com\/de\/#website","url":"https:\/\/odyssee-canyon.com\/de\/","name":"odyssee-canyon","description":"Canyoning et randonn&eacute;e aquatique &agrave; Annecy en Haute-Savoie et entre Albertville, Moutiers et Bourg-Saint-Maurice en Tarentaise en Savoie avec Odyss&eacute;e Canyon sp&eacute;cialiste du canyonisme","publisher":{"@id":"https:\/\/odyssee-canyon.com\/de\/#organization"},"potentialAction":[{"@type":"SearchAction","target":{"@type":"EntryPoint","urlTemplate":"https:\/\/odyssee-canyon.com\/de\/?s={search_term_string}"},"query-input":{"@type":"PropertyValueSpecification","valueRequired":true,"valueName":"search_term_string"}}],"inLanguage":"de"},{"@type":"Organization","@id":"https:\/\/odyssee-canyon.com\/de\/#organization","name":"Odyss\u00e9e Canyon","url":"https:\/\/odyssee-canyon.com\/de\/","logo":{"@type":"ImageObject","inLanguage":"de","@id":"https:\/\/odyssee-canyon.com\/de\/#\/schema\/logo\/image\/","url":"https:\/\/odyssee-canyon.com\/wp-content\/uploads\/2023\/12\/0_Logo-MyYoast.jpg","contentUrl":"https:\/\/odyssee-canyon.com\/wp-content\/uploads\/2023\/12\/0_Logo-MyYoast.jpg","width":167,"height":167,"caption":"Odyss\u00e9e Canyon"},"image":{"@id":"https:\/\/odyssee-canyon.com\/de\/#\/schema\/logo\/image\/"},"sameAs":["https:\/\/www.facebook.com\/odyssee.canyon","https:\/\/x.com\/odysseecanyon","https:\/\/odyssee-canyon.com","https:\/\/www.instagram.com\/odysseecanyon\/","https:\/\/www.linkedin.com\/in\/odyssee-canyon\/","https:\/\/www.pinterest.fr\/odysseecanyon\/","https:\/\/www.tripadvisor.fr\/Profile\/odyssee-canyon","https:\/\/www.youtube.com\/@odyssee-canyon","https:\/\/www.tumblr.com\/blog\/odysseecanyon","https:\/\/mastodon.social\/@odysseecanyon"]}]}},"_links":{"self":[{"href":"https:\/\/odyssee-canyon.com\/de\/wp-json\/wp\/v2\/pages\/10392","targetHints":{"allow":["GET"]}}],"collection":[{"href":"https:\/\/odyssee-canyon.com\/de\/wp-json\/wp\/v2\/pages"}],"about":[{"href":"https:\/\/odyssee-canyon.com\/de\/wp-json\/wp\/v2\/types\/page"}],"author":[{"embeddable":true,"href":"https:\/\/odyssee-canyon.com\/de\/wp-json\/wp\/v2\/users\/3"}],"replies":[{"embeddable":true,"href":"https:\/\/odyssee-canyon.com\/de\/wp-json\/wp\/v2\/comments?post=10392"}],"version-history":[{"count":7,"href":"https:\/\/odyssee-canyon.com\/de\/wp-json\/wp\/v2\/pages\/10392\/revisions"}],"predecessor-version":[{"id":14084,"href":"https:\/\/odyssee-canyon.com\/de\/wp-json\/wp\/v2\/pages\/10392\/revisions\/14084"}],"wp:attachment":[{"href":"https:\/\/odyssee-canyon.com\/de\/wp-json\/wp\/v2\/media?parent=10392"}],"curies":[{"name":"wp","href":"https:\/\/api.w.org\/{rel}","templated":true}]}}