{"id":10382,"date":"2022-11-22T09:45:26","date_gmt":"2022-11-22T09:45:26","guid":{"rendered":"https:\/\/odyssee-canyon.com\/datenschutzrichtlinie\/"},"modified":"2024-03-15T10:05:40","modified_gmt":"2024-03-15T10:05:40","slug":"datenschutzrichtlinie","status":"publish","type":"page","link":"https:\/\/odyssee-canyon.com\/de\/datenschutzrichtlinie\/","title":{"rendered":"Datenschutzrichtlinie"},"content":{"rendered":"<p>[et_pb_section fb_built=&#8220;1&#8243; _builder_version=&#8220;4.19.1&#8243; _module_preset=&#8220;default&#8220; background_color=&#8220;#41D9C5&#8243; custom_margin=&#8220;0px||0px||false|false&#8220; custom_padding=&#8220;0px||0px||false|false&#8220; hover_enabled=&#8220;0&#8243; global_colors_info=&#8220;{}&#8220; sticky_enabled=&#8220;0&#8243;][et_pb_row _builder_version=&#8220;4.19.1&#8243; _module_preset=&#8220;default&#8220; custom_margin=&#8220;0px||0px||false|false&#8220; custom_padding=&#8220;20px||20px||false|false&#8220; hover_enabled=&#8220;0&#8243; global_colors_info=&#8220;{}&#8220; sticky_enabled=&#8220;0&#8243;][et_pb_column type=&#8220;4_4&#8243; _builder_version=&#8220;4.19.1&#8243; _module_preset=&#8220;default&#8220; global_colors_info=&#8220;{}&#8220;][et_pb_text _builder_version=&#8220;4.19.1&#8243; _module_preset=&#8220;default&#8220; global_colors_info=&#8220;{}&#8220;]<\/p>\n<h1>Datenschutzrichtlinie<\/h1>\n<p>Wer sind wir?<\/p>\n<p>Die Adresse unserer Website ist: https:\/\/www.odyssee-canyon.com.<\/p>\n<p>Verwendung der gesammelten pers\u00f6nlichen Daten<br \/>Kommentare<br \/>Wenn Sie einen Kommentar auf unserer Website hinterlassen, werden die im Kommentarformular eingetragenen Daten, aber auch Ihre IP-Adresse und der User Agent Ihres Browsers gesammelt, um uns bei der Erkennung unerw\u00fcnschter Kommentare zu helfen.<\/p>\n<p>Eine aus Ihrer E-Mail-Adresse erstellte anonymisierte Zeichenfolge (auch Hash genannt) kann an den Gravatar-Dienst gesendet werden, um zu \u00fcberpr\u00fcfen, ob Sie ihn nutzen. Die Datenschutzbestimmungen des Gravatar-Dienstes finden Sie hier: https:\/\/automattic.com\/privacy\/. Nachdem Sie Ihren Kommentar freigeschaltet haben, wird Ihr Profilbild neben Ihrem Kommentar \u00f6ffentlich sichtbar sein.<\/p>\n<p>Medien<br \/>Wenn Sie ein registrierter Nutzer oder eine registrierte Nutzerin sind und Bilder auf die Website hochladen, empfehlen wir Ihnen, keine Bilder hochzuladen, die EXIF-Daten von GPS-Koordinaten enthalten. Die Besucher Ihrer Website k\u00f6nnen Standortdaten aus diesen Bildern herunterladen und extrahieren.<\/p>\n<p>Kontaktformulare<br \/>Cookies<br \/>Wenn Sie einen Kommentar auf unserer Website abgeben, wird Ihnen angeboten, Ihren Namen, Ihre E-Mail-Adresse und Ihre Website in Cookies zu speichern. Dies dient lediglich Ihrer Bequemlichkeit, damit Sie diese Informationen nicht eingeben m\u00fcssen, wenn Sie sp\u00e4ter einen weiteren Kommentar abgeben. Diese Cookies laufen nach einem Jahr ab.<\/p>\n<p>Wenn Sie ein Konto haben und sich auf dieser Website anmelden, wird ein tempor\u00e4res Cookie erstellt, um festzustellen, ob Ihr Browser Cookies akzeptiert. Sie enth\u00e4lt keine pers\u00f6nlichen Daten und wird automatisch gel\u00f6scht, wenn Sie Ihren Browser schlie\u00dfen.<\/p>\n<p>Wenn Sie sich anmelden, setzen wir eine Reihe von Cookies, um Ihre Anmeldeinformationen und Bildschirmeinstellungen zu speichern. Die Lebensdauer eines Anmelde-Cookies betr\u00e4gt zwei Tage, die eines Bildschirmoptions-Cookies ein Jahr. Wenn Sie &#8222;An mich erinnern&#8220; ankreuzen, wird Ihr Anmelde-Cookie zwei Wochen lang gespeichert. Wenn Sie sich von Ihrem Konto abmelden, wird das Anmelde-Cookie gel\u00f6scht.<\/p>\n<p>Wenn Sie einen Beitrag bearbeiten oder ver\u00f6ffentlichen, wird ein zus\u00e4tzliches Cookie in Ihrem Browser gespeichert. Dieses Cookie enth\u00e4lt keine personenbezogenen Daten. Er gibt lediglich die ID des Beitrags an, den Sie gerade bearbeitet haben. Er l\u00e4uft nach einem Tag ab.<\/p>\n<p>Von anderen Seiten eingebettete Inhalte<br \/>Die Artikel auf dieser Website k\u00f6nnen eingebettete Inhalte enthalten (z. B. Videos, Bilder, Artikel &#8230;). Inhalte, die von anderen Websites eingebunden werden, verhalten sich so, als w\u00fcrde der Besucher diese andere Website besuchen.<\/p>\n<p>Diese Websites k\u00f6nnten Daten \u00fcber Sie sammeln, Cookies verwenden, Tracking-Tools von Drittanbietern einbetten und Ihre Interaktionen mit diesen eingebetteten Inhalten verfolgen, wenn Sie ein angemeldetes Konto auf ihrer Website haben.<\/p>\n<p>Statistiken und Messung des Publikums<br \/>Verwendung und Weitergabe Ihrer pers\u00f6nlichen Daten<br \/>Speicherfristen f\u00fcr Ihre Daten<br \/>Wenn Sie einen Kommentar hinterlassen, werden der Kommentar und seine Metadaten auf unbestimmte Zeit gespeichert. Dadurch werden nachfolgende Kommentare automatisch erkannt und genehmigt, anstatt sie in der Moderationswarteschlange zu belassen.<\/p>\n<p>F\u00fcr Nutzerinnen und Nutzer, die sich auf unserer Seite registrieren (sofern dies m\u00f6glich ist), speichern wir auch die in ihrem Profil angegebenen pers\u00f6nlichen Daten. Alle Nutzerinnen und Nutzer k\u00f6nnen ihre pers\u00f6nlichen Informationen (mit Ausnahme ihres Benutzernamens) jederzeit einsehen, \u00e4ndern oder l\u00f6schen. Auch die Verwalter der Website k\u00f6nnen diese Informationen einsehen und \u00e4ndern.<\/p>\n<p>Die Rechte, die Sie \u00fcber Ihre Daten haben<br \/>Wenn Sie ein Benutzerkonto haben oder Kommentare auf der Website hinterlassen haben, k\u00f6nnen Sie eine Datei anfordern, die alle personenbezogenen Daten enth\u00e4lt, die wir \u00fcber Sie haben, einschlie\u00dflich der Daten, die Sie uns zur Verf\u00fcgung gestellt haben. Sie k\u00f6nnen auch die L\u00f6schung Ihrer personenbezogenen Daten verlangen. Dies gilt nicht f\u00fcr Daten, die f\u00fcr administrative, rechtliche oder Sicherheitszwecke gespeichert werden.<\/p>\n<p>\u00dcbermittlung Ihrer pers\u00f6nlichen Daten<br \/>Die Kommentare von Besuchern k\u00f6nnen mithilfe eines automatisierten Dienstes zur Erkennung unerw\u00fcnschter Kommentare \u00fcberpr\u00fcft werden.<\/p>\n<p>Kontaktinformationen<\/p>\n<p>Zus\u00e4tzliche Informationen<br \/>Wie wir Ihre Daten sch\u00fctzen<br \/>Umgesetzte Verfahren im Falle eines Datenlecks<br \/>Anzeige von Informationen im Zusammenhang mit Sektoren, die spezifischen Regulierungen unterliegen<\/p>\n<p>[\/et_pb_text][\/et_pb_column][\/et_pb_row][\/et_pb_section]<\/p>\n","protected":false},"excerpt":{"rendered":"<p>Datenschutzrichtlinie der Website Odyss\u00e9e canyon \u00fcber Canyoning, Schluchtenwanderungen und Canyoning in Savoie Haute-Savoie<\/p>\n","protected":false},"author":3,"featured_media":0,"parent":0,"menu_order":61,"comment_status":"closed","ping_status":"closed","template":"","meta":{"_et_pb_use_builder":"on","_et_pb_old_content":"","_et_gb_content_width":"","footnotes":""},"class_list":["post-10382","page","type-page","status-publish","hentry"],"yoast_head":"<!-- This site is optimized with the Yoast SEO Premium plugin v26.5 (Yoast SEO v27.3) - https:\/\/yoast.com\/product\/yoast-seo-premium-wordpress\/ -->\n<title>Odyss\u00e9e canyon Datenschutzpolitik<\/title>\n<meta name=\"description\" content=\"Datenschutzrichtlinie der Website Odyss\u00e9e canyon \u00fcber Canyoning, Schluchtenwanderungen und Canyoning in Savoie Haute-Savoie\" \/>\n<meta name=\"robots\" content=\"noindex, follow\" \/>\n<meta property=\"og:locale\" content=\"de_DE\" \/>\n<meta property=\"og:type\" content=\"article\" \/>\n<meta property=\"og:title\" content=\"Datenschutzrichtlinie\" \/>\n<meta property=\"og:description\" content=\"Datenschutzrichtlinie der Website Odyss\u00e9e canyon \u00fcber Canyoning, Schluchtenwanderungen und Canyoning in Savoie Haute-Savoie\" \/>\n<meta property=\"og:url\" content=\"https:\/\/odyssee-canyon.com\/de\/datenschutzrichtlinie\/\" \/>\n<meta property=\"og:site_name\" content=\"Odyssee canyon\" \/>\n<meta property=\"article:publisher\" content=\"https:\/\/www.facebook.com\/odyssee.canyon\" \/>\n<meta property=\"article:modified_time\" content=\"2024-03-15T10:05:40+00:00\" \/>\n<meta name=\"twitter:card\" content=\"summary_large_image\" \/>\n<meta name=\"twitter:site\" content=\"@odysseecanyon\" \/>\n<meta name=\"twitter:label1\" content=\"Gesch\u00e4tzte Lesezeit\" \/>\n\t<meta name=\"twitter:data1\" content=\"4 Minuten\" \/>\n<script type=\"application\/ld+json\" class=\"yoast-schema-graph\">{\"@context\":\"https:\\\/\\\/schema.org\",\"@graph\":[{\"@type\":\"WebPage\",\"@id\":\"https:\\\/\\\/odyssee-canyon.com\\\/de\\\/datenschutzrichtlinie\\\/\",\"url\":\"https:\\\/\\\/odyssee-canyon.com\\\/de\\\/datenschutzrichtlinie\\\/\",\"name\":\"Odyss\u00e9e canyon Datenschutzpolitik\",\"isPartOf\":{\"@id\":\"https:\\\/\\\/odyssee-canyon.com\\\/de\\\/#website\"},\"datePublished\":\"2022-11-22T09:45:26+00:00\",\"dateModified\":\"2024-03-15T10:05:40+00:00\",\"description\":\"Datenschutzrichtlinie der Website Odyss\u00e9e canyon \u00fcber Canyoning, Schluchtenwanderungen und Canyoning in Savoie Haute-Savoie\",\"breadcrumb\":{\"@id\":\"https:\\\/\\\/odyssee-canyon.com\\\/de\\\/datenschutzrichtlinie\\\/#breadcrumb\"},\"inLanguage\":\"de\",\"potentialAction\":[{\"@type\":\"ReadAction\",\"target\":[\"https:\\\/\\\/odyssee-canyon.com\\\/de\\\/datenschutzrichtlinie\\\/\"]}]},{\"@type\":\"BreadcrumbList\",\"@id\":\"https:\\\/\\\/odyssee-canyon.com\\\/de\\\/datenschutzrichtlinie\\\/#breadcrumb\",\"itemListElement\":[{\"@type\":\"ListItem\",\"position\":1,\"name\":\"Accueil\",\"item\":\"https:\\\/\\\/odyssee-canyon.com\\\/de\\\/\"},{\"@type\":\"ListItem\",\"position\":2,\"name\":\"Datenschutzrichtlinie\"}]},{\"@type\":\"WebSite\",\"@id\":\"https:\\\/\\\/odyssee-canyon.com\\\/de\\\/#website\",\"url\":\"https:\\\/\\\/odyssee-canyon.com\\\/de\\\/\",\"name\":\"odyssee-canyon\",\"description\":\"Canyoning et randonn&eacute;e aquatique &agrave; Annecy en Haute-Savoie et entre Albertville, Moutiers et Bourg-Saint-Maurice en Tarentaise en Savoie avec Odyss&eacute;e Canyon sp&eacute;cialiste du canyonisme\",\"publisher\":{\"@id\":\"https:\\\/\\\/odyssee-canyon.com\\\/de\\\/#organization\"},\"potentialAction\":[{\"@type\":\"SearchAction\",\"target\":{\"@type\":\"EntryPoint\",\"urlTemplate\":\"https:\\\/\\\/odyssee-canyon.com\\\/de\\\/?s={search_term_string}\"},\"query-input\":{\"@type\":\"PropertyValueSpecification\",\"valueRequired\":true,\"valueName\":\"search_term_string\"}}],\"inLanguage\":\"de\"},{\"@type\":\"Organization\",\"@id\":\"https:\\\/\\\/odyssee-canyon.com\\\/de\\\/#organization\",\"name\":\"Odyss\u00e9e Canyon\",\"url\":\"https:\\\/\\\/odyssee-canyon.com\\\/de\\\/\",\"logo\":{\"@type\":\"ImageObject\",\"inLanguage\":\"de\",\"@id\":\"https:\\\/\\\/odyssee-canyon.com\\\/de\\\/#\\\/schema\\\/logo\\\/image\\\/\",\"url\":\"https:\\\/\\\/odyssee-canyon.com\\\/wp-content\\\/uploads\\\/2023\\\/12\\\/0_Logo-MyYoast.jpg\",\"contentUrl\":\"https:\\\/\\\/odyssee-canyon.com\\\/wp-content\\\/uploads\\\/2023\\\/12\\\/0_Logo-MyYoast.jpg\",\"width\":167,\"height\":167,\"caption\":\"Odyss\u00e9e Canyon\"},\"image\":{\"@id\":\"https:\\\/\\\/odyssee-canyon.com\\\/de\\\/#\\\/schema\\\/logo\\\/image\\\/\"},\"sameAs\":[\"https:\\\/\\\/www.facebook.com\\\/odyssee.canyon\",\"https:\\\/\\\/x.com\\\/odysseecanyon\",\"https:\\\/\\\/odyssee-canyon.com\",\"https:\\\/\\\/www.instagram.com\\\/odysseecanyon\\\/\",\"https:\\\/\\\/www.linkedin.com\\\/in\\\/odyssee-canyon\\\/\",\"https:\\\/\\\/www.pinterest.fr\\\/odysseecanyon\\\/\",\"https:\\\/\\\/www.tripadvisor.fr\\\/Profile\\\/odyssee-canyon\",\"https:\\\/\\\/www.youtube.com\\\/@odyssee-canyon\",\"https:\\\/\\\/www.tumblr.com\\\/blog\\\/odysseecanyon\",\"https:\\\/\\\/mastodon.social\\\/@odysseecanyon\"]}]}<\/script>\n<!-- \/ Yoast SEO Premium plugin. -->","yoast_head_json":{"title":"Odyss\u00e9e canyon Datenschutzpolitik","description":"Datenschutzrichtlinie der Website Odyss\u00e9e canyon \u00fcber Canyoning, Schluchtenwanderungen und Canyoning in Savoie Haute-Savoie","robots":{"index":"noindex","follow":"follow"},"og_locale":"de_DE","og_type":"article","og_title":"Datenschutzrichtlinie","og_description":"Datenschutzrichtlinie der Website Odyss\u00e9e canyon \u00fcber Canyoning, Schluchtenwanderungen und Canyoning in Savoie Haute-Savoie","og_url":"https:\/\/odyssee-canyon.com\/de\/datenschutzrichtlinie\/","og_site_name":"Odyssee canyon","article_publisher":"https:\/\/www.facebook.com\/odyssee.canyon","article_modified_time":"2024-03-15T10:05:40+00:00","twitter_card":"summary_large_image","twitter_site":"@odysseecanyon","twitter_misc":{"Gesch\u00e4tzte Lesezeit":"4 Minuten"},"schema":{"@context":"https:\/\/schema.org","@graph":[{"@type":"WebPage","@id":"https:\/\/odyssee-canyon.com\/de\/datenschutzrichtlinie\/","url":"https:\/\/odyssee-canyon.com\/de\/datenschutzrichtlinie\/","name":"Odyss\u00e9e canyon Datenschutzpolitik","isPartOf":{"@id":"https:\/\/odyssee-canyon.com\/de\/#website"},"datePublished":"2022-11-22T09:45:26+00:00","dateModified":"2024-03-15T10:05:40+00:00","description":"Datenschutzrichtlinie der Website Odyss\u00e9e canyon \u00fcber Canyoning, Schluchtenwanderungen und Canyoning in Savoie Haute-Savoie","breadcrumb":{"@id":"https:\/\/odyssee-canyon.com\/de\/datenschutzrichtlinie\/#breadcrumb"},"inLanguage":"de","potentialAction":[{"@type":"ReadAction","target":["https:\/\/odyssee-canyon.com\/de\/datenschutzrichtlinie\/"]}]},{"@type":"BreadcrumbList","@id":"https:\/\/odyssee-canyon.com\/de\/datenschutzrichtlinie\/#breadcrumb","itemListElement":[{"@type":"ListItem","position":1,"name":"Accueil","item":"https:\/\/odyssee-canyon.com\/de\/"},{"@type":"ListItem","position":2,"name":"Datenschutzrichtlinie"}]},{"@type":"WebSite","@id":"https:\/\/odyssee-canyon.com\/de\/#website","url":"https:\/\/odyssee-canyon.com\/de\/","name":"odyssee-canyon","description":"Canyoning et randonn&eacute;e aquatique &agrave; Annecy en Haute-Savoie et entre Albertville, Moutiers et Bourg-Saint-Maurice en Tarentaise en Savoie avec Odyss&eacute;e Canyon sp&eacute;cialiste du canyonisme","publisher":{"@id":"https:\/\/odyssee-canyon.com\/de\/#organization"},"potentialAction":[{"@type":"SearchAction","target":{"@type":"EntryPoint","urlTemplate":"https:\/\/odyssee-canyon.com\/de\/?s={search_term_string}"},"query-input":{"@type":"PropertyValueSpecification","valueRequired":true,"valueName":"search_term_string"}}],"inLanguage":"de"},{"@type":"Organization","@id":"https:\/\/odyssee-canyon.com\/de\/#organization","name":"Odyss\u00e9e Canyon","url":"https:\/\/odyssee-canyon.com\/de\/","logo":{"@type":"ImageObject","inLanguage":"de","@id":"https:\/\/odyssee-canyon.com\/de\/#\/schema\/logo\/image\/","url":"https:\/\/odyssee-canyon.com\/wp-content\/uploads\/2023\/12\/0_Logo-MyYoast.jpg","contentUrl":"https:\/\/odyssee-canyon.com\/wp-content\/uploads\/2023\/12\/0_Logo-MyYoast.jpg","width":167,"height":167,"caption":"Odyss\u00e9e Canyon"},"image":{"@id":"https:\/\/odyssee-canyon.com\/de\/#\/schema\/logo\/image\/"},"sameAs":["https:\/\/www.facebook.com\/odyssee.canyon","https:\/\/x.com\/odysseecanyon","https:\/\/odyssee-canyon.com","https:\/\/www.instagram.com\/odysseecanyon\/","https:\/\/www.linkedin.com\/in\/odyssee-canyon\/","https:\/\/www.pinterest.fr\/odysseecanyon\/","https:\/\/www.tripadvisor.fr\/Profile\/odyssee-canyon","https:\/\/www.youtube.com\/@odyssee-canyon","https:\/\/www.tumblr.com\/blog\/odysseecanyon","https:\/\/mastodon.social\/@odysseecanyon"]}]}},"_links":{"self":[{"href":"https:\/\/odyssee-canyon.com\/de\/wp-json\/wp\/v2\/pages\/10382","targetHints":{"allow":["GET"]}}],"collection":[{"href":"https:\/\/odyssee-canyon.com\/de\/wp-json\/wp\/v2\/pages"}],"about":[{"href":"https:\/\/odyssee-canyon.com\/de\/wp-json\/wp\/v2\/types\/page"}],"author":[{"embeddable":true,"href":"https:\/\/odyssee-canyon.com\/de\/wp-json\/wp\/v2\/users\/3"}],"replies":[{"embeddable":true,"href":"https:\/\/odyssee-canyon.com\/de\/wp-json\/wp\/v2\/comments?post=10382"}],"version-history":[{"count":2,"href":"https:\/\/odyssee-canyon.com\/de\/wp-json\/wp\/v2\/pages\/10382\/revisions"}],"predecessor-version":[{"id":10384,"href":"https:\/\/odyssee-canyon.com\/de\/wp-json\/wp\/v2\/pages\/10382\/revisions\/10384"}],"wp:attachment":[{"href":"https:\/\/odyssee-canyon.com\/de\/wp-json\/wp\/v2\/media?parent=10382"}],"curies":[{"name":"wp","href":"https:\/\/api.w.org\/{rel}","templated":true}]}}