{"id":10372,"date":"2022-11-12T15:32:50","date_gmt":"2022-11-12T15:32:50","guid":{"rendered":"https:\/\/odyssee-canyon.com\/rechtliche-hinweise\/"},"modified":"2024-03-15T10:04:24","modified_gmt":"2024-03-15T10:04:24","slug":"rechtliche-hinweise","status":"publish","type":"page","link":"https:\/\/odyssee-canyon.com\/de\/rechtliche-hinweise\/","title":{"rendered":"Rechtliche Hinweise"},"content":{"rendered":"<p>[et_pb_section fb_built=&#8220;1&#8243; _builder_version=&#8220;4.19.1&#8243; _module_preset=&#8220;default&#8220; background_color=&#8220;#41D9C5&#8243; custom_margin=&#8220;0px||0px||false|false&#8220; custom_padding=&#8220;0px||0px||false|false&#8220; global_colors_info=&#8220;{}&#8220;][et_pb_row _builder_version=&#8220;4.19.1&#8243; _module_preset=&#8220;default&#8220; custom_margin=&#8220;0px||0px||false|false&#8220; custom_padding=&#8220;20px||20px||false|false&#8220; global_colors_info=&#8220;{}&#8220;][et_pb_column type=&#8220;4_4&#8243; _builder_version=&#8220;4.19.1&#8243; _module_preset=&#8220;default&#8220; global_colors_info=&#8220;{}&#8220;][et_pb_text admin_label=&#8220;Texte&#8220; _builder_version=&#8220;4.19.1&#8243; _module_preset=&#8220;default&#8220; hover_enabled=&#8220;0&#8243; global_colors_info=&#8220;{}&#8220; sticky_enabled=&#8220;0&#8243;]<\/p>\n<h1>Rechtliche Hinweise<\/h1>\n<p>Gem\u00e4\u00df den Bestimmungen der Artikel 6-III und 19 des Gesetzes Nr. 2004-575 vom 21. Juni 2004 \u00fcber das Vertrauen in die digitale Wirtschaft, auch bekannt als L.C.E.N., bringen wir den Nutzern und Besuchern der Website : <span style=\"text-decoration: underline;\"><br \/>\n  <span style=\"color: #0000ff;\"><br \/>\n    <a href=\"http:\/\/www.odyssee-canyon.com\" target=\"_blank\" rel=\"noopener\" style=\"color: #0000ff; text-decoration: underline;\">www.odyssee-canyon.com<\/a><br \/>\n  <\/span><br \/>\n<\/span> die folgenden Informationen:<\/p>\n<p><strong>EDITOR<\/strong><br \/>Die Seite <span style=\"text-decoration: underline;\"><br \/>\n  <span style=\"color: #0000ff;\"><br \/>\n    <a href=\"http:\/\/www.odyssee-canyon.com\" style=\"color: #0000ff; text-decoration: underline;\" target=\"_blank\" rel=\"noopener\">www.odyssee-canyon.com<\/a><br \/>\n  <\/span><br \/>\n<\/span> ist ausschlie\u00dfliches Eigentum von <strong>Odyss\u00e9e canyon<\/strong>, der sie auch herausgibt.<\/p>\n<p><strong>Canyon-Odyssee<\/strong><strong> <\/strong><br \/><strong>Freier Beruf<\/strong><br \/>Tel: <strong>06.30.68.27.62<\/strong><br \/><strong>Avenue de Bonatray <\/strong><strong>74370 Villaz<\/strong><br \/>Eingetragen im Handels- und Gesellschaftsregister unter der Nummer<strong> <\/strong><strong>28989212600076<\/strong><strong><br \/><\/strong>E-Mail-Adresse: <strong>odyssee-canyon@orange.fr<\/strong><br \/>Leiter der Ver\u00f6ffentlichung: <strong>Odyss\u00e9e canyon<\/strong><br \/>Kontaktieren Sie den Verantwortlichen f\u00fcr die Ver\u00f6ffentlichung: <strong>odyssee-canyon@orange.fr<\/strong><\/p>\n<p><strong>UNTERKUNFT<\/strong><br \/>Die Website wird von <strong>IONOS 7 Pl. de la Gare 57200 Sarreguemines<\/strong> gehostet.<br \/>Das Impressum wurde generiert von <span style=\"text-decoration: underline; color: #0000ff;\"><br \/>\n  <a href=\"https:\/\/www.generer-mentions-legales.com\" style=\"color: #0000ff; text-decoration: underline;\">Impressum<\/a><br \/>\n<\/span><br \/><span style=\"text-decoration: underline; color: #0000ff;\"><\/span><\/p>\n<p><strong>BESCHREIBUNG DER ERBRACHTEN LEISTUNGEN<\/strong><br \/>Die Seite <span style=\"text-decoration: underline;\"><br \/>\n  <span style=\"color: #0000ff;\"><br \/>\n    <a href=\"http:\/\/www.odyssee-canyon.com\" style=\"text-align: justify; color: #0000ff; text-decoration: underline;\" target=\"_blank\" rel=\"noopener\">www.odyssee-canyon.com<\/a><br \/>\n  <\/span><br \/>\n<\/span> hat zum Ziel, Informationen \u00fcber die gesamte Bandbreite der Aktivit\u00e4ten des Unternehmens bereitzustellen. Der Eigent\u00fcmer der Website bem\u00fcht sich, auf der Website zu liefern. <span style=\"text-decoration: underline;\"><br \/>\n  <span style=\"color: #0000ff;\"><br \/>\n    <a href=\"http:\/\/www.odyssee-canyon.com\" style=\"text-align: justify; color: #0000ff; text-decoration: underline;\" target=\"_blank\" rel=\"noopener\">www.odyssee-canyon.com<\/a><br \/>\n  <\/span><br \/>\n<\/span> so genaue Informationen wie m\u00f6glich zur Verf\u00fcgung zu stellen. Er kann jedoch nicht f\u00fcr Auslassungen, Ungenauigkeiten und M\u00e4ngel in der Aktualisierung haftbar gemacht werden, unabh\u00e4ngig davon, ob diese durch ihn oder durch dritte Partner, die ihm diese Informationen zur Verf\u00fcgung stellen, verursacht wurden. Alle angebotenen Informationen auf der Website. <span style=\"text-decoration: underline;\"><br \/>\n  <span style=\"color: #0000ff;\"><br \/>\n    <a href=\"http:\/\/www.odyssee-canyon.com\" style=\"text-align: justify; color: #0000ff; text-decoration: underline;\" target=\"_blank\" rel=\"noopener\">www.odyssee-canyon.com<\/a><br \/>\n  <\/span><br \/>\n<\/span> sind unverbindlich, nicht ersch\u00f6pfend und k\u00f6nnen sich \u00e4ndern. Sie sind vorbehaltlich aller \u00c4nderungen, die seit ihrer Ver\u00f6ffentlichung vorgenommen wurden.<\/p>\n<p><strong>GEISTIGES EIGENTUM UND F\u00c4LSCHUNGEN<\/strong><br \/>Der Eigent\u00fcmer der Website ist Eigent\u00fcmer der geistigen Eigentumsrechte oder besitzt die Nutzungsrechte f\u00fcr alle auf der Website zug\u00e4nglichen Elemente, insbesondere Texte, Bilder, Grafiken, Logos, Icons, Sounds, Software&#8230; Jede Vervielf\u00e4ltigung, Darstellung, \u00c4nderung, Ver\u00f6ffentlichung, vollst\u00e4ndige oder teilweise Anpassung der Elemente der Website, unabh\u00e4ngig von den verwendeten Mitteln oder Verfahren, ist verboten, es sei denn, es liegt eine vorherige schriftliche Genehmigung vor, die an folgende E-Mail-Adresse gesendet wird: odyssee-canyon@orange.fr . Jede nicht genehmigte Nutzung der Website oder eines ihrer Elemente wird als F\u00e4lschung angesehen und gem\u00e4\u00df den Bestimmungen der Artikel L.335-2 ff. des franz\u00f6sischen Gesetzbuchs \u00fcber geistiges Eigentum (Code de Propri\u00e9t\u00e9 Intellectuelle) verfolgt.<\/p>\n<p><strong>HYPERLINKS UND COOKIES<\/strong><br \/>Die Seite <span style=\"text-decoration: underline;\"><br \/>\n  <span style=\"color: #0000ff;\"><br \/>\n    <a href=\"http:\/\/www.odyssee-canyon.com\" style=\"text-align: justify; color: #0000ff; text-decoration: underline;\" target=\"_blank\" rel=\"noopener\">www.odyssee-canyon.com<\/a><br \/>\n  <\/span><br \/>\n<\/span> enth\u00e4lt eine Reihe von Hypertext-Links zu anderen Websites (Partner, Informationen &#8230;), die mit Genehmigung des Eigent\u00fcmers der Website eingerichtet wurden. Der Eigent\u00fcmer der Website hat jedoch nicht die M\u00f6glichkeit, den Inhalt der so besuchten Websites zu \u00fcberpr\u00fcfen und lehnt daher jegliche Verantwortung f\u00fcr m\u00f6gliche Risiken illegaler Inhalte ab. Der Nutzer wird dar\u00fcber informiert, dass bei seinen Besuchen auf der Website. <span style=\"text-decoration: underline;\"><br \/>\n  <span style=\"color: #0000ff;\"><br \/>\n    <a href=\"http:\/\/www.odyssee-canyon.com\" style=\"text-align: justify; color: #0000ff; text-decoration: underline;\" target=\"_blank\" rel=\"noopener\">www.odyssee-canyon.com<\/a><br \/>\n  <\/span><br \/>\n<\/span>Ein oder mehrere Cookies k\u00f6nnen automatisch auf Ihrem Computer installiert werden. Ein Cookie ist eine kleine Datei, die keine Identifizierung des Nutzers erm\u00f6glicht, aber Informationen \u00fcber die Navigation eines Computers auf einer Website speichert. Die so gewonnenen Daten sollen die sp\u00e4tere Navigation auf der Website erleichtern und dienen auch dazu, verschiedene Messungen der Besucherzahlen zu erm\u00f6glichen. Die Einstellung der Browser-Software erm\u00f6glicht es, \u00fcber das Vorhandensein von Cookies zu informieren und diese eventuell auf die unter folgender Adresse beschriebene Weise abzulehnen: www.cnil.fr Die Ablehnung der Installation eines Cookies kann dazu f\u00fchren, dass der Zugang zu bestimmten Diensten nicht m\u00f6glich ist. Der Nutzer kann seinen Computer jedoch wie folgt konfigurieren, um die Installation von Cookies abzulehnen: Unter Internet Explorer: Registerkarte Extras \/ Internetoptionen. Klicken Sie auf Datenschutz und w\u00e4hlen Sie Alle Cookies blockieren. Best\u00e4tigen Sie mit Ok. Unter Netscape: Registerkarte Bearbeiten \/ Einstellungen. Klicken Sie auf Erweitert und w\u00e4hlen Sie Cookies deaktivieren. Best\u00e4tigen Sie mit Ok.<\/p>\n<p><strong>SCHUTZ VON EIGENTUM UND PERSONEN &#8211; UMGANG MIT PERS\u00d6NLICHEN DATEN<\/strong><br \/>Nutzer: Internetnutzer, der sich einloggt und die oben genannte Website nutzt:  <span style=\"text-decoration: underline;\"><span style=\"color: #0000ff;\"><a href=\"http:\/\/www.odyssee-canyon.com\" style=\"text-align: justify; color: #0000ff; text-decoration: underline;\" target=\"_blank\" rel=\"noopener\">www.odyssee-canyon.com<\/a><\/span><\/span>  In Frankreich sind personenbezogene Daten insbesondere durch das Gesetz Nr. 78-87 vom 6. Januar 1978, das Gesetz Nr. 2004-801 vom 6. August 2004, Artikel L. 226-13 des Strafgesetzbuches und die Europ\u00e4ische Richtlinie vom 24. Oktober 1995 gesch\u00fctzt.<\/p>\n<p>Auf der Seite <span style=\"text-decoration: underline;\"><br \/>\n  <span style=\"color: #0000ff;\"><br \/>\n    <a href=\"http:\/\/www.odyssee-canyon.com\" style=\"text-align: justify; color: #0000ff; text-decoration: underline;\" target=\"_blank\" rel=\"noopener\">www.odyssee-canyon.com<\/a><br \/>\n  <\/span><br \/>\n<\/span>sammelt der Eigent\u00fcmer der Website pers\u00f6nliche Informationen \u00fcber den Benutzer nur f\u00fcr die Zwecke bestimmter Dienstleistungen, die auf der Website angeboten werden. <span style=\"text-decoration: underline;\"><br \/>\n  <span style=\"color: #0000ff;\"><br \/>\n    <a href=\"http:\/\/www.odyssee-canyon.com\" style=\"text-align: justify; color: #0000ff; text-decoration: underline;\" target=\"_blank\" rel=\"noopener\">www.odyssee-canyon.com<\/a><br \/>\n  <\/span><br \/>\n<\/span>. Der Nutzer stellt diese Informationen in voller Kenntnis der Sachlage zur Verf\u00fcgung, insbesondere wenn er sie selbst eingibt. Es wird dann dem Nutzer der Website mitgeteilt. <span style=\"text-decoration: underline;\"><br \/>\n  <span style=\"color: #0000ff; text-decoration: underline;\"><a href=\"http:\/\/www.odyssee-canyon.com\" style=\"text-align: justify; color: #0000ff; text-decoration: underline;\" target=\"_blank\" rel=\"noopener\">www.odyssee-canyon.com<\/a> <\/span><br \/>\n<\/span>die Verpflichtung oder Nichtverpflichtung, diese Informationen zur Verf\u00fcgung zu stellen. Gem\u00e4\u00df den Bestimmungen der Artikel 38 ff. des Gesetzes 78-17 vom 6. Januar 1978 \u00fcber Informatik, Dateien und Freiheiten hat jeder Nutzer ein Recht auf Zugang, Berichtigung, L\u00f6schung und Einspruch gegen die ihn betreffenden pers\u00f6nlichen Daten. Um dieses Recht auszu\u00fcben, richten Sie Ihre Anfrage an. <span style=\"text-decoration: underline;\"><br \/>\n  <span style=\"color: #0000ff; text-decoration: underline;\"><br \/>\n    <a href=\"http:\/\/www.odyssee-canyon.com\" style=\"text-align: justify; color: #0000ff; text-decoration: underline;\" target=\"_blank\" rel=\"noopener\">www.odyssee-canyon.com<\/a><br \/>\n  <\/span><br \/>\n<\/span> per E-Mail: E-Mail des Webmasters oder durch einen schriftlichen und unterschriebenen Antrag, dem eine Kopie des Personalausweises mit Unterschrift des Inhabers des Ausweises beiliegt, wobei die Adresse anzugeben ist, an die die Antwort gesendet werden soll.<\/p>\n<p>Keine pers\u00f6nlichen Informationen des Nutzers der Website. <span style=\"text-decoration: underline;\"><br \/>\n  <span style=\"color: #0000ff;\"><br \/>\n    <a href=\"http:\/\/www.odyssee-canyon.com\" style=\"text-align: justify; color: #0000ff; text-decoration: underline;\" target=\"_blank\" rel=\"noopener\">www.odyssee-canyon.com<\/a><br \/>\n  <\/span><br \/>\n<\/span> wird ohne das Wissen des Nutzers ver\u00f6ffentlicht, ausgetauscht, \u00fcbertragen, abgetreten oder auf irgendeinem Datentr\u00e4ger an Dritte verkauft. Nur die Hypothese der \u00dcbernahme der Website  <span style=\"text-decoration: underline;\"><span style=\"color: #0000ff;\"><a href=\"http:\/\/www.odyssee-canyon.com\" style=\"text-align: justify; color: #0000ff; text-decoration: underline;\" target=\"_blank\" rel=\"noopener\">www.odyssee-canyon.com<\/a><\/span><\/span>  an den Eigent\u00fcmer der Website und seiner Rechte erm\u00f6glicht die \u00dcbertragung dieser Informationen an einen eventuellen Erwerber, der seinerseits der gleichen Verpflichtung zur Aufbewahrung und \u00c4nderung der Daten gegen\u00fcber dem Benutzer der Website unterliegt.  <span style=\"text-decoration: underline;\"><span style=\"color: #0000ff;\"><a href=\"http:\/\/www.odyssee-canyon.com\" style=\"text-align: justify; color: #0000ff; text-decoration: underline;\" target=\"_blank\" rel=\"noopener\">www.odyssee-canyon.com<\/a><\/span><\/span>.<\/p>\n<p>Die Seite <span style=\"text-decoration: underline;\"><br \/>\n  <span style=\"color: #0000ff; text-decoration: underline;\"><a href=\"http:\/\/www.odyssee-canyon.com\" style=\"text-align: justify; color: #0000ff; text-decoration: underline;\" target=\"_blank\" rel=\"noopener\">www.odyssee-canyon.com<\/a> <\/span><br \/>\n<\/span>ist in \u00dcbereinstimmung mit der DSGVO siehe unsere DSGVO-Richtlinie. <span style=\"text-decoration: underline;\"><br \/>\n  <span style=\"color: #0000ff; text-decoration: underline;\"><br \/>\n    <a href=\"https:\/\/www.odyssee-canyon.com\/politique-de-confidentialite\" style=\"color: #0000ff; text-decoration: underline;\" target=\"_blank\" rel=\"noopener\">Odyssee canyon DSGVO<\/a><br \/>\n  <\/span><br \/>\n<\/span>.<\/p>\n<p>Die Datenbanken sind durch die Bestimmungen des Gesetzes vom 1. Juli 1998 zur Umsetzung der Richtlinie 96\/9 vom 11. M\u00e4rz 1996 \u00fcber den rechtlichen Schutz von Datenbanken gesch\u00fctzt.<\/p>\n<p>[\/et_pb_text][\/et_pb_column][\/et_pb_row][\/et_pb_section]<\/p>\n","protected":false},"excerpt":{"rendered":"<p>Impressum der Internetseite Odyss\u00e9e canyon \u00fcber Canyoning, Schluchtenwandern und Canyoning in Savoie Haute-Savoie<\/p>\n","protected":false},"author":3,"featured_media":0,"parent":0,"menu_order":60,"comment_status":"closed","ping_status":"closed","template":"","meta":{"_et_pb_use_builder":"on","_et_pb_old_content":"","_et_gb_content_width":"","footnotes":""},"class_list":["post-10372","page","type-page","status-publish","hentry"],"yoast_head":"<!-- This site is optimized with the Yoast SEO Premium plugin v26.5 (Yoast SEO v27.3) - https:\/\/yoast.com\/product\/yoast-seo-premium-wordpress\/ -->\n<title>Odyss\u00e9e canyon legale Erw\u00e4hnungen<\/title>\n<meta name=\"description\" content=\"Impressum der Internetseite Odyss\u00e9e canyon \u00fcber Canyoning, Schluchtenwandern und Canyoning in Savoie Haute-Savoie\" \/>\n<meta name=\"robots\" content=\"noindex, follow\" \/>\n<meta property=\"og:locale\" content=\"de_DE\" \/>\n<meta property=\"og:type\" content=\"article\" \/>\n<meta property=\"og:title\" content=\"Rechtliche Hinweise\" \/>\n<meta property=\"og:description\" content=\"Impressum der Internetseite Odyss\u00e9e canyon \u00fcber Canyoning, Schluchtenwandern und Canyoning in Savoie Haute-Savoie\" \/>\n<meta property=\"og:url\" content=\"https:\/\/odyssee-canyon.com\/de\/rechtliche-hinweise\/\" \/>\n<meta property=\"og:site_name\" content=\"Odyssee canyon\" \/>\n<meta property=\"article:publisher\" content=\"https:\/\/www.facebook.com\/odyssee.canyon\" \/>\n<meta property=\"article:modified_time\" content=\"2024-03-15T10:04:24+00:00\" \/>\n<meta name=\"twitter:card\" content=\"summary_large_image\" \/>\n<meta name=\"twitter:site\" content=\"@odysseecanyon\" \/>\n<meta name=\"twitter:label1\" content=\"Gesch\u00e4tzte Lesezeit\" \/>\n\t<meta name=\"twitter:data1\" content=\"5 Minuten\" \/>\n<script type=\"application\/ld+json\" class=\"yoast-schema-graph\">{\"@context\":\"https:\\\/\\\/schema.org\",\"@graph\":[{\"@type\":\"WebPage\",\"@id\":\"https:\\\/\\\/odyssee-canyon.com\\\/de\\\/rechtliche-hinweise\\\/\",\"url\":\"https:\\\/\\\/odyssee-canyon.com\\\/de\\\/rechtliche-hinweise\\\/\",\"name\":\"Odyss\u00e9e canyon legale Erw\u00e4hnungen\",\"isPartOf\":{\"@id\":\"https:\\\/\\\/odyssee-canyon.com\\\/de\\\/#website\"},\"datePublished\":\"2022-11-12T15:32:50+00:00\",\"dateModified\":\"2024-03-15T10:04:24+00:00\",\"description\":\"Impressum der Internetseite Odyss\u00e9e canyon \u00fcber Canyoning, Schluchtenwandern und Canyoning in Savoie Haute-Savoie\",\"breadcrumb\":{\"@id\":\"https:\\\/\\\/odyssee-canyon.com\\\/de\\\/rechtliche-hinweise\\\/#breadcrumb\"},\"inLanguage\":\"de\",\"potentialAction\":[{\"@type\":\"ReadAction\",\"target\":[\"https:\\\/\\\/odyssee-canyon.com\\\/de\\\/rechtliche-hinweise\\\/\"]}]},{\"@type\":\"BreadcrumbList\",\"@id\":\"https:\\\/\\\/odyssee-canyon.com\\\/de\\\/rechtliche-hinweise\\\/#breadcrumb\",\"itemListElement\":[{\"@type\":\"ListItem\",\"position\":1,\"name\":\"Accueil\",\"item\":\"https:\\\/\\\/odyssee-canyon.com\\\/de\\\/\"},{\"@type\":\"ListItem\",\"position\":2,\"name\":\"Rechtliche Hinweise\"}]},{\"@type\":\"WebSite\",\"@id\":\"https:\\\/\\\/odyssee-canyon.com\\\/de\\\/#website\",\"url\":\"https:\\\/\\\/odyssee-canyon.com\\\/de\\\/\",\"name\":\"odyssee-canyon\",\"description\":\"Canyoning et randonn&eacute;e aquatique &agrave; Annecy en Haute-Savoie et entre Albertville, Moutiers et Bourg-Saint-Maurice en Tarentaise en Savoie avec Odyss&eacute;e Canyon sp&eacute;cialiste du canyonisme\",\"publisher\":{\"@id\":\"https:\\\/\\\/odyssee-canyon.com\\\/de\\\/#organization\"},\"potentialAction\":[{\"@type\":\"SearchAction\",\"target\":{\"@type\":\"EntryPoint\",\"urlTemplate\":\"https:\\\/\\\/odyssee-canyon.com\\\/de\\\/?s={search_term_string}\"},\"query-input\":{\"@type\":\"PropertyValueSpecification\",\"valueRequired\":true,\"valueName\":\"search_term_string\"}}],\"inLanguage\":\"de\"},{\"@type\":\"Organization\",\"@id\":\"https:\\\/\\\/odyssee-canyon.com\\\/de\\\/#organization\",\"name\":\"Odyss\u00e9e Canyon\",\"url\":\"https:\\\/\\\/odyssee-canyon.com\\\/de\\\/\",\"logo\":{\"@type\":\"ImageObject\",\"inLanguage\":\"de\",\"@id\":\"https:\\\/\\\/odyssee-canyon.com\\\/de\\\/#\\\/schema\\\/logo\\\/image\\\/\",\"url\":\"https:\\\/\\\/odyssee-canyon.com\\\/wp-content\\\/uploads\\\/2023\\\/12\\\/0_Logo-MyYoast.jpg\",\"contentUrl\":\"https:\\\/\\\/odyssee-canyon.com\\\/wp-content\\\/uploads\\\/2023\\\/12\\\/0_Logo-MyYoast.jpg\",\"width\":167,\"height\":167,\"caption\":\"Odyss\u00e9e Canyon\"},\"image\":{\"@id\":\"https:\\\/\\\/odyssee-canyon.com\\\/de\\\/#\\\/schema\\\/logo\\\/image\\\/\"},\"sameAs\":[\"https:\\\/\\\/www.facebook.com\\\/odyssee.canyon\",\"https:\\\/\\\/x.com\\\/odysseecanyon\",\"https:\\\/\\\/odyssee-canyon.com\",\"https:\\\/\\\/www.instagram.com\\\/odysseecanyon\\\/\",\"https:\\\/\\\/www.linkedin.com\\\/in\\\/odyssee-canyon\\\/\",\"https:\\\/\\\/www.pinterest.fr\\\/odysseecanyon\\\/\",\"https:\\\/\\\/www.tripadvisor.fr\\\/Profile\\\/odyssee-canyon\",\"https:\\\/\\\/www.youtube.com\\\/@odyssee-canyon\",\"https:\\\/\\\/www.tumblr.com\\\/blog\\\/odysseecanyon\",\"https:\\\/\\\/mastodon.social\\\/@odysseecanyon\"]}]}<\/script>\n<!-- \/ Yoast SEO Premium plugin. -->","yoast_head_json":{"title":"Odyss\u00e9e canyon legale Erw\u00e4hnungen","description":"Impressum der Internetseite Odyss\u00e9e canyon \u00fcber Canyoning, Schluchtenwandern und Canyoning in Savoie Haute-Savoie","robots":{"index":"noindex","follow":"follow"},"og_locale":"de_DE","og_type":"article","og_title":"Rechtliche Hinweise","og_description":"Impressum der Internetseite Odyss\u00e9e canyon \u00fcber Canyoning, Schluchtenwandern und Canyoning in Savoie Haute-Savoie","og_url":"https:\/\/odyssee-canyon.com\/de\/rechtliche-hinweise\/","og_site_name":"Odyssee canyon","article_publisher":"https:\/\/www.facebook.com\/odyssee.canyon","article_modified_time":"2024-03-15T10:04:24+00:00","twitter_card":"summary_large_image","twitter_site":"@odysseecanyon","twitter_misc":{"Gesch\u00e4tzte Lesezeit":"5 Minuten"},"schema":{"@context":"https:\/\/schema.org","@graph":[{"@type":"WebPage","@id":"https:\/\/odyssee-canyon.com\/de\/rechtliche-hinweise\/","url":"https:\/\/odyssee-canyon.com\/de\/rechtliche-hinweise\/","name":"Odyss\u00e9e canyon legale Erw\u00e4hnungen","isPartOf":{"@id":"https:\/\/odyssee-canyon.com\/de\/#website"},"datePublished":"2022-11-12T15:32:50+00:00","dateModified":"2024-03-15T10:04:24+00:00","description":"Impressum der Internetseite Odyss\u00e9e canyon \u00fcber Canyoning, Schluchtenwandern und Canyoning in Savoie Haute-Savoie","breadcrumb":{"@id":"https:\/\/odyssee-canyon.com\/de\/rechtliche-hinweise\/#breadcrumb"},"inLanguage":"de","potentialAction":[{"@type":"ReadAction","target":["https:\/\/odyssee-canyon.com\/de\/rechtliche-hinweise\/"]}]},{"@type":"BreadcrumbList","@id":"https:\/\/odyssee-canyon.com\/de\/rechtliche-hinweise\/#breadcrumb","itemListElement":[{"@type":"ListItem","position":1,"name":"Accueil","item":"https:\/\/odyssee-canyon.com\/de\/"},{"@type":"ListItem","position":2,"name":"Rechtliche Hinweise"}]},{"@type":"WebSite","@id":"https:\/\/odyssee-canyon.com\/de\/#website","url":"https:\/\/odyssee-canyon.com\/de\/","name":"odyssee-canyon","description":"Canyoning et randonn&eacute;e aquatique &agrave; Annecy en Haute-Savoie et entre Albertville, Moutiers et Bourg-Saint-Maurice en Tarentaise en Savoie avec Odyss&eacute;e Canyon sp&eacute;cialiste du canyonisme","publisher":{"@id":"https:\/\/odyssee-canyon.com\/de\/#organization"},"potentialAction":[{"@type":"SearchAction","target":{"@type":"EntryPoint","urlTemplate":"https:\/\/odyssee-canyon.com\/de\/?s={search_term_string}"},"query-input":{"@type":"PropertyValueSpecification","valueRequired":true,"valueName":"search_term_string"}}],"inLanguage":"de"},{"@type":"Organization","@id":"https:\/\/odyssee-canyon.com\/de\/#organization","name":"Odyss\u00e9e Canyon","url":"https:\/\/odyssee-canyon.com\/de\/","logo":{"@type":"ImageObject","inLanguage":"de","@id":"https:\/\/odyssee-canyon.com\/de\/#\/schema\/logo\/image\/","url":"https:\/\/odyssee-canyon.com\/wp-content\/uploads\/2023\/12\/0_Logo-MyYoast.jpg","contentUrl":"https:\/\/odyssee-canyon.com\/wp-content\/uploads\/2023\/12\/0_Logo-MyYoast.jpg","width":167,"height":167,"caption":"Odyss\u00e9e Canyon"},"image":{"@id":"https:\/\/odyssee-canyon.com\/de\/#\/schema\/logo\/image\/"},"sameAs":["https:\/\/www.facebook.com\/odyssee.canyon","https:\/\/x.com\/odysseecanyon","https:\/\/odyssee-canyon.com","https:\/\/www.instagram.com\/odysseecanyon\/","https:\/\/www.linkedin.com\/in\/odyssee-canyon\/","https:\/\/www.pinterest.fr\/odysseecanyon\/","https:\/\/www.tripadvisor.fr\/Profile\/odyssee-canyon","https:\/\/www.youtube.com\/@odyssee-canyon","https:\/\/www.tumblr.com\/blog\/odysseecanyon","https:\/\/mastodon.social\/@odysseecanyon"]}]}},"_links":{"self":[{"href":"https:\/\/odyssee-canyon.com\/de\/wp-json\/wp\/v2\/pages\/10372","targetHints":{"allow":["GET"]}}],"collection":[{"href":"https:\/\/odyssee-canyon.com\/de\/wp-json\/wp\/v2\/pages"}],"about":[{"href":"https:\/\/odyssee-canyon.com\/de\/wp-json\/wp\/v2\/types\/page"}],"author":[{"embeddable":true,"href":"https:\/\/odyssee-canyon.com\/de\/wp-json\/wp\/v2\/users\/3"}],"replies":[{"embeddable":true,"href":"https:\/\/odyssee-canyon.com\/de\/wp-json\/wp\/v2\/comments?post=10372"}],"version-history":[{"count":2,"href":"https:\/\/odyssee-canyon.com\/de\/wp-json\/wp\/v2\/pages\/10372\/revisions"}],"predecessor-version":[{"id":10374,"href":"https:\/\/odyssee-canyon.com\/de\/wp-json\/wp\/v2\/pages\/10372\/revisions\/10374"}],"wp:attachment":[{"href":"https:\/\/odyssee-canyon.com\/de\/wp-json\/wp\/v2\/media?parent=10372"}],"curies":[{"name":"wp","href":"https:\/\/api.w.org\/{rel}","templated":true}]}}